{"id":10,"date":"2021-09-17T09:21:49","date_gmt":"2021-09-17T09:21:49","guid":{"rendered":"https:\/\/hoefer-aufbereitungstechnik.de\/?page_id=10"},"modified":"2022-06-13T19:23:18","modified_gmt":"2022-06-13T19:23:18","slug":"leistungen","status":"publish","type":"page","link":"https:\/\/hoefer-aufbereitungstechnik.de\/?page_id=10","title":{"rendered":"Leistungen"},"content":{"rendered":"\n<div class=\"wp-block-columns is-layout-flex wp-container-core-columns-is-layout-9d6595d7 wp-block-columns-is-layout-flex\">\n<div class=\"wp-block-column is-layout-flow wp-block-column-is-layout-flow\">\n<div class=\"wp-block-buttons is-layout-flex wp-block-buttons-is-layout-flex\"><\/div>\n<\/div>\n\n\n\n<div class=\"wp-block-column is-layout-flow wp-block-column-is-layout-flow\">\n<div class=\"wp-block-buttons is-layout-flex wp-block-buttons-is-layout-flex\"><\/div>\n<\/div>\n\n\n\n<div class=\"wp-block-column is-layout-flow wp-block-column-is-layout-flow\">\n<div class=\"wp-block-buttons is-layout-flex wp-block-buttons-is-layout-flex\"><\/div>\n<\/div>\n\n\n\n<div class=\"wp-block-column is-layout-flow wp-block-column-is-layout-flow\">\n<div class=\"wp-block-buttons is-layout-flex wp-block-buttons-is-layout-flex\"><\/div>\n<\/div>\n<\/div>\n\n\n\n<h2 class=\"wp-block-heading\" id=\"-Beratung\">Beratung und Probleml\u00f6sung<\/h2>\n\n\n\n<h3 class=\"wp-block-heading\">Sie planen eine neue Anlage oder wollen Ihre bestehende Anlage verbessern?<\/h3>\n\n\n\n<div class=\"wp-block-columns is-layout-flex wp-container-core-columns-is-layout-9d6595d7 wp-block-columns-is-layout-flex\">\n<div class=\"wp-block-column is-layout-flow wp-block-column-is-layout-flow\" style=\"flex-basis:33.33%\">\n<p>Aufbereitungsanlagen sind komplexe Systeme bei denen kleinste Anpassungen gro\u00dfe Wirkung haben k\u00f6nnen. Nicht immer ist die Ursache eines Problems offensichtlich und leicht zu beheben.<\/p>\n\n\n\n<p>Dank unserer Erfahrung mit vielen verschiedenen Anlagen, Herstellern und Anwendungsbereichen beraten wir Sie unabh\u00e4ngig und zielorientiert. Nur so k\u00f6nnen wir die perfekte L\u00f6sung f\u00fcr Ihre individuellen Bed\u00fcrfnisse finden. Das bedeutet auch, dass wir Sonderanfertigungen, Anpassungen und Installation planen und realisieren.<\/p>\n\n\n\n<p>Gemeinsam mit Ihnen definieren wir die strategische Ausrichtung, erarbeiten ein Konzept und sind Ihr Partner bei Umsetzung und Inbetriebnahme. Wir sind unabh\u00e4ngig und arbeiten ohne Provision. So stellen wir sicher, dass wir f\u00fcr Sie die bestm\u00f6gliche Anlage planen k\u00f6nnen.<\/p>\n<\/div>\n\n\n\n<div class=\"wp-block-column is-layout-flow wp-block-column-is-layout-flow\" style=\"flex-basis:66.66%\">\n<figure class=\"wp-block-image size-full is-style-default\"><img loading=\"lazy\" decoding=\"async\" width=\"1024\" height=\"768\" src=\"https:\/\/hoefer-aufbereitungstechnik.de\/wp-content\/uploads\/2022\/02\/IMG-20211019-WA0038.jpg\" alt=\"\" class=\"wp-image-388\" srcset=\"https:\/\/hoefer-aufbereitungstechnik.de\/wp-content\/uploads\/2022\/02\/IMG-20211019-WA0038.jpg 1024w, https:\/\/hoefer-aufbereitungstechnik.de\/wp-content\/uploads\/2022\/02\/IMG-20211019-WA0038-300x225.jpg 300w, https:\/\/hoefer-aufbereitungstechnik.de\/wp-content\/uploads\/2022\/02\/IMG-20211019-WA0038-768x576.jpg 768w\" sizes=\"auto, (max-width: 1024px) 100vw, 1024px\" \/><\/figure>\n<\/div>\n<\/div>\n\n\n\n<div style=\"height:50px\" aria-hidden=\"true\" class=\"wp-block-spacer\"><\/div>\n\n\n\n<h2 class=\"wp-block-heading\" id=\"Wartung\">Wartung und Service<\/h2>\n\n\n\n<h3 class=\"wp-block-heading\">Sie suchen einen Partner der Ihre Anlage am laufen h\u00e4lt?<\/h3>\n\n\n\n<div class=\"wp-block-columns is-layout-flex wp-container-core-columns-is-layout-9d6595d7 wp-block-columns-is-layout-flex\">\n<div class=\"wp-block-column is-layout-flow wp-block-column-is-layout-flow\" style=\"flex-basis:66.66%\"><\/div>\n\n\n\n<div class=\"wp-block-column is-layout-flow wp-block-column-is-layout-flow\" style=\"flex-basis:33.33%\">\n<p>Ein regelm\u00e4\u00dfiger, erfahrener Blick der m\u00f6gliche Ursachen f\u00fcr kommende Probleme sieht, pr\u00fcfen aller Verschlei\u00dfteile, Erreichbarkeit und schnelles Handeln wenn es von N\u00f6ten ist zeichnen unseren Service aus.<\/p>\n\n\n\n<p>Legen Sie die Verantwortung f\u00fcr die Wartung Ihrer Anlage in unsere H\u00e4nde, geben wir unser Bestes um die bestm\u00f6gliche Leistung aus Ihrer Anlage herauszuholen und pr\u00e4ventiv Probleme zu verhindern.<\/p>\n<\/div>\n<\/div>\n\n\n\n<div style=\"height:50px\" aria-hidden=\"true\" class=\"wp-block-spacer\"><\/div>\n\n\n\n<h2 class=\"wp-block-heading\" id=\"Instandhaltung\">Instandhaltung<\/h2>\n\n\n\n<h3 class=\"wp-block-heading\">Ihre Anlage bringt nicht die gew\u00fcnschte Leistung oder hat zu hohe Standzeiten?<\/h3>\n\n\n\n<div class=\"wp-block-columns is-layout-flex wp-container-core-columns-is-layout-9d6595d7 wp-block-columns-is-layout-flex\">\n<div class=\"wp-block-column is-layout-flow wp-block-column-is-layout-flow\" style=\"flex-basis:33.33%\">\n<p>Die beste Anlage muss alle paar Jahre \u00fcberholt und modernisiert werden. Das ist die Gelegenheit Erweiterungen und andere Anpassungen vorzunehmen.<\/p>\n\n\n\n<p>Wir f\u00fchren alle Instandhaltungsarbeiten nach Ihren Vorgaben durch oder beraten Sie bei der bestm\u00f6glichen Auswahl an Produkten zur Instandhaltung Ihrer Anlage.<\/p>\n\n\n\n<p>Gerne \u00fcbernehmen wir auch den Umbau Ihrer Anlage.<\/p>\n<\/div>\n\n\n\n<div class=\"wp-block-column is-layout-flow wp-block-column-is-layout-flow\" style=\"flex-basis:66.66%\">\n<figure class=\"wp-block-image size-large is-resized is-style-default\"><img decoding=\"async\" src=\"https:\/\/hoefer-aufbereitungstechnik.de\/wp-content\/uploads\/2022\/06\/Service-und-Wartung-edited.jpg\" alt=\"\" class=\"wp-image-660\" width=\"722\" srcset=\"https:\/\/hoefer-aufbereitungstechnik.de\/wp-content\/uploads\/2022\/06\/Service-und-Wartung-edited.jpg 1318w, https:\/\/hoefer-aufbereitungstechnik.de\/wp-content\/uploads\/2022\/06\/Service-und-Wartung-edited-300x200.jpg 300w, https:\/\/hoefer-aufbereitungstechnik.de\/wp-content\/uploads\/2022\/06\/Service-und-Wartung-edited-1024x684.jpg 1024w, https:\/\/hoefer-aufbereitungstechnik.de\/wp-content\/uploads\/2022\/06\/Service-und-Wartung-edited-768x513.jpg 768w\" sizes=\"(max-width: 1318px) 100vw, 1318px\" \/><\/figure>\n<\/div>\n<\/div>\n\n\n\n<div style=\"height:50px\" aria-hidden=\"true\" class=\"wp-block-spacer\"><\/div>\n\n\n\n<h2 class=\"wp-block-heading\" id=\"Montage\">Montage<\/h2>\n\n\n\n<h3 class=\"wp-block-heading\">Alle Pl\u00e4ne sind gemacht und Sie brauchen nur noch jemanden der Ihre Anlage montiert?<\/h3>\n\n\n\n<div class=\"wp-block-columns is-layout-flex wp-container-core-columns-is-layout-9d6595d7 wp-block-columns-is-layout-flex\">\n<div class=\"wp-block-column is-layout-flow wp-block-column-is-layout-flow\" style=\"flex-basis:66.66%\">\n<figure class=\"wp-block-image size-large is-style-default\"><img loading=\"lazy\" decoding=\"async\" width=\"1024\" height=\"768\" src=\"https:\/\/hoefer-aufbereitungstechnik.de\/wp-content\/uploads\/2022\/02\/IMG_20210614_104855-1024x768.jpg\" alt=\"\" class=\"wp-image-347\" srcset=\"https:\/\/hoefer-aufbereitungstechnik.de\/wp-content\/uploads\/2022\/02\/IMG_20210614_104855-1024x768.jpg 1024w, https:\/\/hoefer-aufbereitungstechnik.de\/wp-content\/uploads\/2022\/02\/IMG_20210614_104855-300x225.jpg 300w, https:\/\/hoefer-aufbereitungstechnik.de\/wp-content\/uploads\/2022\/02\/IMG_20210614_104855-768x576.jpg 768w, https:\/\/hoefer-aufbereitungstechnik.de\/wp-content\/uploads\/2022\/02\/IMG_20210614_104855-1536x1152.jpg 1536w, https:\/\/hoefer-aufbereitungstechnik.de\/wp-content\/uploads\/2022\/02\/IMG_20210614_104855-2048x1536.jpg 2048w\" sizes=\"auto, (max-width: 1024px) 100vw, 1024px\" \/><\/figure>\n<\/div>\n\n\n\n<div class=\"wp-block-column is-layout-flow wp-block-column-is-layout-flow\" style=\"flex-basis:33.33%\">\n<p>Wir sind der richtige Ansprechpartner f\u00fcr die Montage, sowohl f\u00fcr von uns geplante Anlagen als auch fremdgeplante Anlagen.<\/p>\n\n\n\n<p>Seit \u00fcber 30 Jahren bauen wir Anlagen auf und gehen dabei immer mit der Zeit um schnell, sicher und zuverl\u00e4ssig unsere Kunden zufrieden zu stellen.<\/p>\n\n\n\n<p>\u00dcberzeugen Sie sich in unseren Referenzen von unseren vielseitigen Projekten.<\/p>\n\n\n\n<p>Bei Fragen oder Interesse an einem unverbindlichen Gespr\u00e4ch nehmen Sie gerne Kontakt mit uns auf!<\/p>\n<\/div>\n<\/div>\n\n\n\n<div style=\"height:100px\" aria-hidden=\"true\" class=\"wp-block-spacer\"><\/div>\n\n\n\n<div class=\"wp-block-buttons is-content-justification-center is-layout-flex wp-container-core-buttons-is-layout-16018d1d wp-block-buttons-is-layout-flex\">\n<div class=\"wp-block-button\"><a class=\"wp-block-button__link has-base-3-color has-contrast-2-background-color has-text-color has-background\" href=\"https:\/\/hoefer-aufbereitungstechnik.de\/?page_id=16\">Kontakt aufnehmen<\/a><\/div>\n<\/div>\n","protected":false},"excerpt":{"rendered":"<p>Beratung und Probleml\u00f6sung Sie planen eine neue Anlage oder wollen Ihre bestehende Anlage verbessern? Aufbereitungsanlagen sind komplexe Systeme bei denen kleinste Anpassungen gro\u00dfe Wirkung haben k\u00f6nnen. Nicht immer ist die Ursache eines Problems offensichtlich und leicht zu beheben. Dank unserer Erfahrung mit vielen verschiedenen Anlagen, Herstellern und Anwendungsbereichen beraten wir Sie unabh\u00e4ngig und zielorientiert. Nur &#8230; <a title=\"Leistungen\" class=\"read-more\" href=\"https:\/\/hoefer-aufbereitungstechnik.de\/?page_id=10\" aria-label=\"Mehr Informationen \u00fcber Leistungen\">Weiterlesen<\/a><\/p>\n","protected":false},"author":1,"featured_media":0,"parent":0,"menu_order":0,"comment_status":"closed","ping_status":"closed","template":"","meta":{"footnotes":""},"class_list":["post-10","page","type-page","status-publish"],"yoast_head":"<!-- This site is optimized with the Yoast SEO plugin v27.4 - https:\/\/yoast.com\/product\/yoast-seo-wordpress\/ -->\n<title>Leistungen - Werner H\u00f6fer Aufbereitungstechnik<\/title>\n<meta name=\"robots\" content=\"index, follow, max-snippet:-1, max-image-preview:large, max-video-preview:-1\" \/>\n<link rel=\"canonical\" href=\"https:\/\/hoefer-aufbereitungstechnik.de\/?page_id=10\" \/>\n<meta property=\"og:locale\" content=\"de_DE\" \/>\n<meta property=\"og:type\" content=\"article\" \/>\n<meta property=\"og:title\" content=\"Leistungen - Werner H\u00f6fer Aufbereitungstechnik\" \/>\n<meta property=\"og:description\" content=\"Beratung und Probleml\u00f6sung Sie planen eine neue Anlage oder wollen Ihre bestehende Anlage verbessern? Aufbereitungsanlagen sind komplexe Systeme bei denen kleinste Anpassungen gro\u00dfe Wirkung haben k\u00f6nnen. Nicht immer ist die Ursache eines Problems offensichtlich und leicht zu beheben. Dank unserer Erfahrung mit vielen verschiedenen Anlagen, Herstellern und Anwendungsbereichen beraten wir Sie unabh\u00e4ngig und zielorientiert. Nur ... Weiterlesen\" \/>\n<meta property=\"og:url\" content=\"https:\/\/hoefer-aufbereitungstechnik.de\/?page_id=10\" \/>\n<meta property=\"og:site_name\" content=\"Werner H\u00f6fer Aufbereitungstechnik\" \/>\n<meta property=\"article:modified_time\" content=\"2022-06-13T19:23:18+00:00\" \/>\n<meta property=\"og:image\" content=\"https:\/\/hoefer-aufbereitungstechnik.de\/wp-content\/uploads\/2022\/02\/IMG-20211019-WA0038.jpg\" \/>\n<meta name=\"twitter:card\" content=\"summary_large_image\" \/>\n<meta name=\"twitter:label1\" content=\"Gesch\u00e4tzte Lesezeit\" \/>\n\t<meta name=\"twitter:data1\" content=\"3\u00a0Minuten\" \/>\n<script type=\"application\/ld+json\" class=\"yoast-schema-graph\">{\"@context\":\"https:\\\/\\\/schema.org\",\"@graph\":[{\"@type\":\"WebPage\",\"@id\":\"https:\\\/\\\/hoefer-aufbereitungstechnik.de\\\/?page_id=10\",\"url\":\"https:\\\/\\\/hoefer-aufbereitungstechnik.de\\\/?page_id=10\",\"name\":\"Leistungen - Werner H\u00f6fer Aufbereitungstechnik\",\"isPartOf\":{\"@id\":\"https:\\\/\\\/hoefer-aufbereitungstechnik.de\\\/#website\"},\"primaryImageOfPage\":{\"@id\":\"https:\\\/\\\/hoefer-aufbereitungstechnik.de\\\/?page_id=10#primaryimage\"},\"image\":{\"@id\":\"https:\\\/\\\/hoefer-aufbereitungstechnik.de\\\/?page_id=10#primaryimage\"},\"thumbnailUrl\":\"https:\\\/\\\/hoefer-aufbereitungstechnik.de\\\/wp-content\\\/uploads\\\/2022\\\/02\\\/IMG-20211019-WA0038.jpg\",\"datePublished\":\"2021-09-17T09:21:49+00:00\",\"dateModified\":\"2022-06-13T19:23:18+00:00\",\"breadcrumb\":{\"@id\":\"https:\\\/\\\/hoefer-aufbereitungstechnik.de\\\/?page_id=10#breadcrumb\"},\"inLanguage\":\"de\",\"potentialAction\":[{\"@type\":\"ReadAction\",\"target\":[\"https:\\\/\\\/hoefer-aufbereitungstechnik.de\\\/?page_id=10\"]}]},{\"@type\":\"ImageObject\",\"inLanguage\":\"de\",\"@id\":\"https:\\\/\\\/hoefer-aufbereitungstechnik.de\\\/?page_id=10#primaryimage\",\"url\":\"https:\\\/\\\/hoefer-aufbereitungstechnik.de\\\/wp-content\\\/uploads\\\/2022\\\/02\\\/IMG-20211019-WA0038.jpg\",\"contentUrl\":\"https:\\\/\\\/hoefer-aufbereitungstechnik.de\\\/wp-content\\\/uploads\\\/2022\\\/02\\\/IMG-20211019-WA0038.jpg\",\"width\":1024,\"height\":768},{\"@type\":\"BreadcrumbList\",\"@id\":\"https:\\\/\\\/hoefer-aufbereitungstechnik.de\\\/?page_id=10#breadcrumb\",\"itemListElement\":[{\"@type\":\"ListItem\",\"position\":1,\"name\":\"Startseite\",\"item\":\"https:\\\/\\\/hoefer-aufbereitungstechnik.de\\\/\"},{\"@type\":\"ListItem\",\"position\":2,\"name\":\"Leistungen\"}]},{\"@type\":\"WebSite\",\"@id\":\"https:\\\/\\\/hoefer-aufbereitungstechnik.de\\\/#website\",\"url\":\"https:\\\/\\\/hoefer-aufbereitungstechnik.de\\\/\",\"name\":\"Werner H\u00f6fer Aufbereitungstechnik\",\"description\":\"Aufbereitungstechnik Werner H\u00f6fer\",\"publisher\":{\"@id\":\"https:\\\/\\\/hoefer-aufbereitungstechnik.de\\\/#organization\"},\"potentialAction\":[{\"@type\":\"SearchAction\",\"target\":{\"@type\":\"EntryPoint\",\"urlTemplate\":\"https:\\\/\\\/hoefer-aufbereitungstechnik.de\\\/?s={search_term_string}\"},\"query-input\":{\"@type\":\"PropertyValueSpecification\",\"valueRequired\":true,\"valueName\":\"search_term_string\"}}],\"inLanguage\":\"de\"},{\"@type\":\"Organization\",\"@id\":\"https:\\\/\\\/hoefer-aufbereitungstechnik.de\\\/#organization\",\"name\":\"Werner H\u00f6fer Aufbereitungstechnik\",\"url\":\"https:\\\/\\\/hoefer-aufbereitungstechnik.de\\\/\",\"logo\":{\"@type\":\"ImageObject\",\"inLanguage\":\"de\",\"@id\":\"https:\\\/\\\/hoefer-aufbereitungstechnik.de\\\/#\\\/schema\\\/logo\\\/image\\\/\",\"url\":\"https:\\\/\\\/hoefer-aufbereitungstechnik.de\\\/wp-content\\\/uploads\\\/2021\\\/09\\\/cropped-cropped-cropped-AufbereitungstechnikWernerHoefer-Icon-1-1.png\",\"contentUrl\":\"https:\\\/\\\/hoefer-aufbereitungstechnik.de\\\/wp-content\\\/uploads\\\/2021\\\/09\\\/cropped-cropped-cropped-AufbereitungstechnikWernerHoefer-Icon-1-1.png\",\"width\":250,\"height\":188,\"caption\":\"Werner H\u00f6fer Aufbereitungstechnik\"},\"image\":{\"@id\":\"https:\\\/\\\/hoefer-aufbereitungstechnik.de\\\/#\\\/schema\\\/logo\\\/image\\\/\"}}]}<\/script>\n<!-- \/ Yoast SEO plugin. -->","yoast_head_json":{"title":"Leistungen - Werner H\u00f6fer Aufbereitungstechnik","robots":{"index":"index","follow":"follow","max-snippet":"max-snippet:-1","max-image-preview":"max-image-preview:large","max-video-preview":"max-video-preview:-1"},"canonical":"https:\/\/hoefer-aufbereitungstechnik.de\/?page_id=10","og_locale":"de_DE","og_type":"article","og_title":"Leistungen - Werner H\u00f6fer Aufbereitungstechnik","og_description":"Beratung und Probleml\u00f6sung Sie planen eine neue Anlage oder wollen Ihre bestehende Anlage verbessern? Aufbereitungsanlagen sind komplexe Systeme bei denen kleinste Anpassungen gro\u00dfe Wirkung haben k\u00f6nnen. Nicht immer ist die Ursache eines Problems offensichtlich und leicht zu beheben. Dank unserer Erfahrung mit vielen verschiedenen Anlagen, Herstellern und Anwendungsbereichen beraten wir Sie unabh\u00e4ngig und zielorientiert. Nur ... Weiterlesen","og_url":"https:\/\/hoefer-aufbereitungstechnik.de\/?page_id=10","og_site_name":"Werner H\u00f6fer Aufbereitungstechnik","article_modified_time":"2022-06-13T19:23:18+00:00","og_image":[{"url":"https:\/\/hoefer-aufbereitungstechnik.de\/wp-content\/uploads\/2022\/02\/IMG-20211019-WA0038.jpg","type":"","width":"","height":""}],"twitter_card":"summary_large_image","twitter_misc":{"Gesch\u00e4tzte Lesezeit":"3\u00a0Minuten"},"schema":{"@context":"https:\/\/schema.org","@graph":[{"@type":"WebPage","@id":"https:\/\/hoefer-aufbereitungstechnik.de\/?page_id=10","url":"https:\/\/hoefer-aufbereitungstechnik.de\/?page_id=10","name":"Leistungen - Werner H\u00f6fer Aufbereitungstechnik","isPartOf":{"@id":"https:\/\/hoefer-aufbereitungstechnik.de\/#website"},"primaryImageOfPage":{"@id":"https:\/\/hoefer-aufbereitungstechnik.de\/?page_id=10#primaryimage"},"image":{"@id":"https:\/\/hoefer-aufbereitungstechnik.de\/?page_id=10#primaryimage"},"thumbnailUrl":"https:\/\/hoefer-aufbereitungstechnik.de\/wp-content\/uploads\/2022\/02\/IMG-20211019-WA0038.jpg","datePublished":"2021-09-17T09:21:49+00:00","dateModified":"2022-06-13T19:23:18+00:00","breadcrumb":{"@id":"https:\/\/hoefer-aufbereitungstechnik.de\/?page_id=10#breadcrumb"},"inLanguage":"de","potentialAction":[{"@type":"ReadAction","target":["https:\/\/hoefer-aufbereitungstechnik.de\/?page_id=10"]}]},{"@type":"ImageObject","inLanguage":"de","@id":"https:\/\/hoefer-aufbereitungstechnik.de\/?page_id=10#primaryimage","url":"https:\/\/hoefer-aufbereitungstechnik.de\/wp-content\/uploads\/2022\/02\/IMG-20211019-WA0038.jpg","contentUrl":"https:\/\/hoefer-aufbereitungstechnik.de\/wp-content\/uploads\/2022\/02\/IMG-20211019-WA0038.jpg","width":1024,"height":768},{"@type":"BreadcrumbList","@id":"https:\/\/hoefer-aufbereitungstechnik.de\/?page_id=10#breadcrumb","itemListElement":[{"@type":"ListItem","position":1,"name":"Startseite","item":"https:\/\/hoefer-aufbereitungstechnik.de\/"},{"@type":"ListItem","position":2,"name":"Leistungen"}]},{"@type":"WebSite","@id":"https:\/\/hoefer-aufbereitungstechnik.de\/#website","url":"https:\/\/hoefer-aufbereitungstechnik.de\/","name":"Werner H\u00f6fer Aufbereitungstechnik","description":"Aufbereitungstechnik Werner H\u00f6fer","publisher":{"@id":"https:\/\/hoefer-aufbereitungstechnik.de\/#organization"},"potentialAction":[{"@type":"SearchAction","target":{"@type":"EntryPoint","urlTemplate":"https:\/\/hoefer-aufbereitungstechnik.de\/?s={search_term_string}"},"query-input":{"@type":"PropertyValueSpecification","valueRequired":true,"valueName":"search_term_string"}}],"inLanguage":"de"},{"@type":"Organization","@id":"https:\/\/hoefer-aufbereitungstechnik.de\/#organization","name":"Werner H\u00f6fer Aufbereitungstechnik","url":"https:\/\/hoefer-aufbereitungstechnik.de\/","logo":{"@type":"ImageObject","inLanguage":"de","@id":"https:\/\/hoefer-aufbereitungstechnik.de\/#\/schema\/logo\/image\/","url":"https:\/\/hoefer-aufbereitungstechnik.de\/wp-content\/uploads\/2021\/09\/cropped-cropped-cropped-AufbereitungstechnikWernerHoefer-Icon-1-1.png","contentUrl":"https:\/\/hoefer-aufbereitungstechnik.de\/wp-content\/uploads\/2021\/09\/cropped-cropped-cropped-AufbereitungstechnikWernerHoefer-Icon-1-1.png","width":250,"height":188,"caption":"Werner H\u00f6fer Aufbereitungstechnik"},"image":{"@id":"https:\/\/hoefer-aufbereitungstechnik.de\/#\/schema\/logo\/image\/"}}]}},"_links":{"self":[{"href":"https:\/\/hoefer-aufbereitungstechnik.de\/index.php?rest_route=\/wp\/v2\/pages\/10","targetHints":{"allow":["GET"]}}],"collection":[{"href":"https:\/\/hoefer-aufbereitungstechnik.de\/index.php?rest_route=\/wp\/v2\/pages"}],"about":[{"href":"https:\/\/hoefer-aufbereitungstechnik.de\/index.php?rest_route=\/wp\/v2\/types\/page"}],"author":[{"embeddable":true,"href":"https:\/\/hoefer-aufbereitungstechnik.de\/index.php?rest_route=\/wp\/v2\/users\/1"}],"replies":[{"embeddable":true,"href":"https:\/\/hoefer-aufbereitungstechnik.de\/index.php?rest_route=%2Fwp%2Fv2%2Fcomments&post=10"}],"version-history":[{"count":16,"href":"https:\/\/hoefer-aufbereitungstechnik.de\/index.php?rest_route=\/wp\/v2\/pages\/10\/revisions"}],"predecessor-version":[{"id":671,"href":"https:\/\/hoefer-aufbereitungstechnik.de\/index.php?rest_route=\/wp\/v2\/pages\/10\/revisions\/671"}],"wp:attachment":[{"href":"https:\/\/hoefer-aufbereitungstechnik.de\/index.php?rest_route=%2Fwp%2Fv2%2Fmedia&parent=10"}],"curies":[{"name":"wp","href":"https:\/\/api.w.org\/{rel}","templated":true}]}}