{"id":12,"date":"2021-09-17T09:22:04","date_gmt":"2021-09-17T09:22:04","guid":{"rendered":"https:\/\/hoefer-aufbereitungstechnik.de\/?page_id=12"},"modified":"2022-06-13T19:05:39","modified_gmt":"2022-06-13T19:05:39","slug":"referenzen","status":"publish","type":"page","link":"https:\/\/hoefer-aufbereitungstechnik.de\/?page_id=12","title":{"rendered":"Referenzen"},"content":{"rendered":"\n<p>Wir haben bereits an vielen Stellen mit unserer Arbeit \u00fcberzeugt:<\/p>\n\n\n\n<div class=\"wp-block-columns is-layout-flex wp-container-core-columns-is-layout-9d6595d7 wp-block-columns-is-layout-flex\">\n<div class=\"wp-block-column is-layout-flow wp-block-column-is-layout-flow\">\n<h2 class=\"wp-block-heading\">Eichstetter GmbH<\/h2>\n\n\n\n<p>Landshuter Str. 7, 84095 Furth<\/p>\n\n\n\n<p>Aufbau Wasseraufbereitungsanlage mit Kammerfilterpresse und Rohrleitungsbau<\/p>\n\n\n\n<hr class=\"wp-block-separator has-alpha-channel-opacity\"\/>\n<\/div>\n\n\n\n<div class=\"wp-block-column is-layout-flow wp-block-column-is-layout-flow\">\n<h2 class=\"wp-block-heading\">Florian Z\u00f6ls GmbH<\/h2>\n\n\n\n<p>Voglarn 12, 94081 F\u00fcrstenzell<\/p>\n\n\n\n<p>Aufbau Wasseraufbereitungsanlage mit Kammerfilterpresse und Rohrleitungsaufbau<\/p>\n\n\n\n<hr class=\"wp-block-separator has-alpha-channel-opacity\"\/>\n<\/div>\n<\/div>\n\n\n\n<div class=\"wp-block-columns is-layout-flex wp-container-core-columns-is-layout-9d6595d7 wp-block-columns-is-layout-flex\">\n<div class=\"wp-block-column is-layout-flow wp-block-column-is-layout-flow\">\n<h2 class=\"wp-block-heading\">Grossmann Bau<\/h2>\n\n\n\n<p>\u00c4u\u00dfere M\u00fcnchener Str. 20, 83026 Rosenheim<\/p>\n\n\n\n<p>Umbau- und Revisionsarbeiten<\/p>\n\n\n\n<hr class=\"wp-block-separator has-alpha-channel-opacity\"\/>\n<\/div>\n\n\n\n<div class=\"wp-block-column is-layout-flow wp-block-column-is-layout-flow\">\n<h2 class=\"wp-block-heading\">Durmin Entsorgung und Logistik GmbH<\/h2>\n\n\n\n<p>Antwerpener Str. 19, 90451 N\u00fcrnberg<\/p>\n\n\n\n<p>Aufbau Wasseraufbereitungsanlage und Washpod sowie Rohrleitungsaufbau<\/p>\n\n\n\n<hr class=\"wp-block-separator has-alpha-channel-opacity\"\/>\n<\/div>\n<\/div>\n\n\n\n<hr class=\"wp-block-separator has-alpha-channel-opacity\"\/>\n","protected":false},"excerpt":{"rendered":"<p>Wir haben bereits an vielen Stellen mit unserer Arbeit \u00fcberzeugt: Eichstetter GmbH Landshuter Str. 7, 84095 Furth Aufbau Wasseraufbereitungsanlage mit Kammerfilterpresse und Rohrleitungsbau Florian Z\u00f6ls GmbH Voglarn 12, 94081 F\u00fcrstenzell Aufbau Wasseraufbereitungsanlage mit Kammerfilterpresse und Rohrleitungsaufbau Grossmann Bau \u00c4u\u00dfere M\u00fcnchener Str. 20, 83026 Rosenheim Umbau- und Revisionsarbeiten Durmin Entsorgung und Logistik GmbH Antwerpener Str. 19, &#8230; <a title=\"Referenzen\" class=\"read-more\" href=\"https:\/\/hoefer-aufbereitungstechnik.de\/?page_id=12\" aria-label=\"Mehr Informationen \u00fcber Referenzen\">Weiterlesen<\/a><\/p>\n","protected":false},"author":1,"featured_media":0,"parent":0,"menu_order":0,"comment_status":"closed","ping_status":"closed","template":"","meta":{"footnotes":""},"class_list":["post-12","page","type-page","status-publish"],"yoast_head":"<!-- This site is optimized with the Yoast SEO plugin v27.4 - https:\/\/yoast.com\/product\/yoast-seo-wordpress\/ -->\n<title>Referenzen - Werner H\u00f6fer Aufbereitungstechnik<\/title>\n<meta name=\"robots\" content=\"index, follow, max-snippet:-1, max-image-preview:large, max-video-preview:-1\" \/>\n<link rel=\"canonical\" href=\"https:\/\/hoefer-aufbereitungstechnik.de\/?page_id=12\" \/>\n<meta property=\"og:locale\" content=\"de_DE\" \/>\n<meta property=\"og:type\" content=\"article\" \/>\n<meta property=\"og:title\" content=\"Referenzen - Werner H\u00f6fer Aufbereitungstechnik\" \/>\n<meta property=\"og:description\" content=\"Wir haben bereits an vielen Stellen mit unserer Arbeit \u00fcberzeugt: Eichstetter GmbH Landshuter Str. 7, 84095 Furth Aufbau Wasseraufbereitungsanlage mit Kammerfilterpresse und Rohrleitungsbau Florian Z\u00f6ls GmbH Voglarn 12, 94081 F\u00fcrstenzell Aufbau Wasseraufbereitungsanlage mit Kammerfilterpresse und Rohrleitungsaufbau Grossmann Bau \u00c4u\u00dfere M\u00fcnchener Str. 20, 83026 Rosenheim Umbau- und Revisionsarbeiten Durmin Entsorgung und Logistik GmbH Antwerpener Str. 19, ... Weiterlesen\" \/>\n<meta property=\"og:url\" content=\"https:\/\/hoefer-aufbereitungstechnik.de\/?page_id=12\" \/>\n<meta property=\"og:site_name\" content=\"Werner H\u00f6fer Aufbereitungstechnik\" \/>\n<meta property=\"article:modified_time\" content=\"2022-06-13T19:05:39+00:00\" \/>\n<meta name=\"twitter:card\" content=\"summary_large_image\" \/>\n<meta name=\"twitter:label1\" content=\"Gesch\u00e4tzte Lesezeit\" \/>\n\t<meta name=\"twitter:data1\" content=\"1\u00a0Minute\" \/>\n<script type=\"application\/ld+json\" class=\"yoast-schema-graph\">{\"@context\":\"https:\\\/\\\/schema.org\",\"@graph\":[{\"@type\":\"WebPage\",\"@id\":\"https:\\\/\\\/hoefer-aufbereitungstechnik.de\\\/?page_id=12\",\"url\":\"https:\\\/\\\/hoefer-aufbereitungstechnik.de\\\/?page_id=12\",\"name\":\"Referenzen - Werner H\u00f6fer Aufbereitungstechnik\",\"isPartOf\":{\"@id\":\"https:\\\/\\\/hoefer-aufbereitungstechnik.de\\\/#website\"},\"datePublished\":\"2021-09-17T09:22:04+00:00\",\"dateModified\":\"2022-06-13T19:05:39+00:00\",\"breadcrumb\":{\"@id\":\"https:\\\/\\\/hoefer-aufbereitungstechnik.de\\\/?page_id=12#breadcrumb\"},\"inLanguage\":\"de\",\"potentialAction\":[{\"@type\":\"ReadAction\",\"target\":[\"https:\\\/\\\/hoefer-aufbereitungstechnik.de\\\/?page_id=12\"]}]},{\"@type\":\"BreadcrumbList\",\"@id\":\"https:\\\/\\\/hoefer-aufbereitungstechnik.de\\\/?page_id=12#breadcrumb\",\"itemListElement\":[{\"@type\":\"ListItem\",\"position\":1,\"name\":\"Startseite\",\"item\":\"https:\\\/\\\/hoefer-aufbereitungstechnik.de\\\/\"},{\"@type\":\"ListItem\",\"position\":2,\"name\":\"Referenzen\"}]},{\"@type\":\"WebSite\",\"@id\":\"https:\\\/\\\/hoefer-aufbereitungstechnik.de\\\/#website\",\"url\":\"https:\\\/\\\/hoefer-aufbereitungstechnik.de\\\/\",\"name\":\"Werner H\u00f6fer Aufbereitungstechnik\",\"description\":\"Aufbereitungstechnik Werner H\u00f6fer\",\"publisher\":{\"@id\":\"https:\\\/\\\/hoefer-aufbereitungstechnik.de\\\/#organization\"},\"potentialAction\":[{\"@type\":\"SearchAction\",\"target\":{\"@type\":\"EntryPoint\",\"urlTemplate\":\"https:\\\/\\\/hoefer-aufbereitungstechnik.de\\\/?s={search_term_string}\"},\"query-input\":{\"@type\":\"PropertyValueSpecification\",\"valueRequired\":true,\"valueName\":\"search_term_string\"}}],\"inLanguage\":\"de\"},{\"@type\":\"Organization\",\"@id\":\"https:\\\/\\\/hoefer-aufbereitungstechnik.de\\\/#organization\",\"name\":\"Werner H\u00f6fer Aufbereitungstechnik\",\"url\":\"https:\\\/\\\/hoefer-aufbereitungstechnik.de\\\/\",\"logo\":{\"@type\":\"ImageObject\",\"inLanguage\":\"de\",\"@id\":\"https:\\\/\\\/hoefer-aufbereitungstechnik.de\\\/#\\\/schema\\\/logo\\\/image\\\/\",\"url\":\"https:\\\/\\\/hoefer-aufbereitungstechnik.de\\\/wp-content\\\/uploads\\\/2021\\\/09\\\/cropped-cropped-cropped-AufbereitungstechnikWernerHoefer-Icon-1-1.png\",\"contentUrl\":\"https:\\\/\\\/hoefer-aufbereitungstechnik.de\\\/wp-content\\\/uploads\\\/2021\\\/09\\\/cropped-cropped-cropped-AufbereitungstechnikWernerHoefer-Icon-1-1.png\",\"width\":250,\"height\":188,\"caption\":\"Werner H\u00f6fer Aufbereitungstechnik\"},\"image\":{\"@id\":\"https:\\\/\\\/hoefer-aufbereitungstechnik.de\\\/#\\\/schema\\\/logo\\\/image\\\/\"}}]}<\/script>\n<!-- \/ Yoast SEO plugin. -->","yoast_head_json":{"title":"Referenzen - Werner H\u00f6fer Aufbereitungstechnik","robots":{"index":"index","follow":"follow","max-snippet":"max-snippet:-1","max-image-preview":"max-image-preview:large","max-video-preview":"max-video-preview:-1"},"canonical":"https:\/\/hoefer-aufbereitungstechnik.de\/?page_id=12","og_locale":"de_DE","og_type":"article","og_title":"Referenzen - Werner H\u00f6fer Aufbereitungstechnik","og_description":"Wir haben bereits an vielen Stellen mit unserer Arbeit \u00fcberzeugt: Eichstetter GmbH Landshuter Str. 7, 84095 Furth Aufbau Wasseraufbereitungsanlage mit Kammerfilterpresse und Rohrleitungsbau Florian Z\u00f6ls GmbH Voglarn 12, 94081 F\u00fcrstenzell Aufbau Wasseraufbereitungsanlage mit Kammerfilterpresse und Rohrleitungsaufbau Grossmann Bau \u00c4u\u00dfere M\u00fcnchener Str. 20, 83026 Rosenheim Umbau- und Revisionsarbeiten Durmin Entsorgung und Logistik GmbH Antwerpener Str. 19, ... Weiterlesen","og_url":"https:\/\/hoefer-aufbereitungstechnik.de\/?page_id=12","og_site_name":"Werner H\u00f6fer Aufbereitungstechnik","article_modified_time":"2022-06-13T19:05:39+00:00","twitter_card":"summary_large_image","twitter_misc":{"Gesch\u00e4tzte Lesezeit":"1\u00a0Minute"},"schema":{"@context":"https:\/\/schema.org","@graph":[{"@type":"WebPage","@id":"https:\/\/hoefer-aufbereitungstechnik.de\/?page_id=12","url":"https:\/\/hoefer-aufbereitungstechnik.de\/?page_id=12","name":"Referenzen - Werner H\u00f6fer Aufbereitungstechnik","isPartOf":{"@id":"https:\/\/hoefer-aufbereitungstechnik.de\/#website"},"datePublished":"2021-09-17T09:22:04+00:00","dateModified":"2022-06-13T19:05:39+00:00","breadcrumb":{"@id":"https:\/\/hoefer-aufbereitungstechnik.de\/?page_id=12#breadcrumb"},"inLanguage":"de","potentialAction":[{"@type":"ReadAction","target":["https:\/\/hoefer-aufbereitungstechnik.de\/?page_id=12"]}]},{"@type":"BreadcrumbList","@id":"https:\/\/hoefer-aufbereitungstechnik.de\/?page_id=12#breadcrumb","itemListElement":[{"@type":"ListItem","position":1,"name":"Startseite","item":"https:\/\/hoefer-aufbereitungstechnik.de\/"},{"@type":"ListItem","position":2,"name":"Referenzen"}]},{"@type":"WebSite","@id":"https:\/\/hoefer-aufbereitungstechnik.de\/#website","url":"https:\/\/hoefer-aufbereitungstechnik.de\/","name":"Werner H\u00f6fer Aufbereitungstechnik","description":"Aufbereitungstechnik Werner H\u00f6fer","publisher":{"@id":"https:\/\/hoefer-aufbereitungstechnik.de\/#organization"},"potentialAction":[{"@type":"SearchAction","target":{"@type":"EntryPoint","urlTemplate":"https:\/\/hoefer-aufbereitungstechnik.de\/?s={search_term_string}"},"query-input":{"@type":"PropertyValueSpecification","valueRequired":true,"valueName":"search_term_string"}}],"inLanguage":"de"},{"@type":"Organization","@id":"https:\/\/hoefer-aufbereitungstechnik.de\/#organization","name":"Werner H\u00f6fer Aufbereitungstechnik","url":"https:\/\/hoefer-aufbereitungstechnik.de\/","logo":{"@type":"ImageObject","inLanguage":"de","@id":"https:\/\/hoefer-aufbereitungstechnik.de\/#\/schema\/logo\/image\/","url":"https:\/\/hoefer-aufbereitungstechnik.de\/wp-content\/uploads\/2021\/09\/cropped-cropped-cropped-AufbereitungstechnikWernerHoefer-Icon-1-1.png","contentUrl":"https:\/\/hoefer-aufbereitungstechnik.de\/wp-content\/uploads\/2021\/09\/cropped-cropped-cropped-AufbereitungstechnikWernerHoefer-Icon-1-1.png","width":250,"height":188,"caption":"Werner H\u00f6fer Aufbereitungstechnik"},"image":{"@id":"https:\/\/hoefer-aufbereitungstechnik.de\/#\/schema\/logo\/image\/"}}]}},"_links":{"self":[{"href":"https:\/\/hoefer-aufbereitungstechnik.de\/index.php?rest_route=\/wp\/v2\/pages\/12","targetHints":{"allow":["GET"]}}],"collection":[{"href":"https:\/\/hoefer-aufbereitungstechnik.de\/index.php?rest_route=\/wp\/v2\/pages"}],"about":[{"href":"https:\/\/hoefer-aufbereitungstechnik.de\/index.php?rest_route=\/wp\/v2\/types\/page"}],"author":[{"embeddable":true,"href":"https:\/\/hoefer-aufbereitungstechnik.de\/index.php?rest_route=\/wp\/v2\/users\/1"}],"replies":[{"embeddable":true,"href":"https:\/\/hoefer-aufbereitungstechnik.de\/index.php?rest_route=%2Fwp%2Fv2%2Fcomments&post=12"}],"version-history":[{"count":3,"href":"https:\/\/hoefer-aufbereitungstechnik.de\/index.php?rest_route=\/wp\/v2\/pages\/12\/revisions"}],"predecessor-version":[{"id":656,"href":"https:\/\/hoefer-aufbereitungstechnik.de\/index.php?rest_route=\/wp\/v2\/pages\/12\/revisions\/656"}],"wp:attachment":[{"href":"https:\/\/hoefer-aufbereitungstechnik.de\/index.php?rest_route=%2Fwp%2Fv2%2Fmedia&parent=12"}],"curies":[{"name":"wp","href":"https:\/\/api.w.org\/{rel}","templated":true}]}}