{"id":18,"date":"2021-09-17T09:25:45","date_gmt":"2021-09-17T09:25:45","guid":{"rendered":"https:\/\/hoefer-aufbereitungstechnik.de\/?page_id=18"},"modified":"2022-09-26T14:29:30","modified_gmt":"2022-09-26T14:29:30","slug":"team","status":"publish","type":"page","link":"https:\/\/hoefer-aufbereitungstechnik.de\/?page_id=18","title":{"rendered":"Team"},"content":{"rendered":"\n<div style=\"height:100px\" aria-hidden=\"true\" class=\"wp-block-spacer\"><\/div>\n\n\n\n<div class=\"wp-block-columns alignwide are-vertically-aligned-center is-layout-flex wp-container-core-columns-is-layout-9d6595d7 wp-block-columns-is-layout-flex\">\n<div class=\"wp-block-column is-vertically-aligned-center is-layout-flow wp-block-column-is-layout-flow\">\n<figure class=\"wp-block-image alignwide size-large is-style-default\"><img loading=\"lazy\" decoding=\"async\" width=\"1024\" height=\"1024\" src=\"https:\/\/hoefer-aufbereitungstechnik.de\/wp-content\/uploads\/2022\/09\/User-1024x1024.png\" alt=\"\" class=\"wp-image-673\" srcset=\"https:\/\/hoefer-aufbereitungstechnik.de\/wp-content\/uploads\/2022\/09\/User-1024x1024.png 1024w, https:\/\/hoefer-aufbereitungstechnik.de\/wp-content\/uploads\/2022\/09\/User-300x300.png 300w, https:\/\/hoefer-aufbereitungstechnik.de\/wp-content\/uploads\/2022\/09\/User-150x150.png 150w, https:\/\/hoefer-aufbereitungstechnik.de\/wp-content\/uploads\/2022\/09\/User-768x768.png 768w, https:\/\/hoefer-aufbereitungstechnik.de\/wp-content\/uploads\/2022\/09\/User-1536x1536.png 1536w, https:\/\/hoefer-aufbereitungstechnik.de\/wp-content\/uploads\/2022\/09\/User.png 1843w\" sizes=\"auto, (max-width: 1024px) 100vw, 1024px\" \/><\/figure>\n<\/div>\n\n\n\n<div class=\"wp-block-column is-vertically-aligned-center is-layout-flow wp-block-column-is-layout-flow\">\n<h2 class=\"alignwide has-text-align-center wp-block-heading\">Werner H\u00f6fer<\/h2>\n<\/div>\n<\/div>\n\n\n\n<div class=\"wp-block-columns is-layout-flex wp-container-core-columns-is-layout-9d6595d7 wp-block-columns-is-layout-flex\">\n<div class=\"wp-block-column is-vertically-aligned-center is-layout-flow wp-block-column-is-layout-flow\">\n<figure class=\"wp-block-image alignwide size-large is-style-default\"><img loading=\"lazy\" decoding=\"async\" width=\"1024\" height=\"1024\" src=\"https:\/\/hoefer-aufbereitungstechnik.de\/wp-content\/uploads\/2022\/09\/User-1024x1024.png\" alt=\"\" class=\"wp-image-673\" srcset=\"https:\/\/hoefer-aufbereitungstechnik.de\/wp-content\/uploads\/2022\/09\/User-1024x1024.png 1024w, https:\/\/hoefer-aufbereitungstechnik.de\/wp-content\/uploads\/2022\/09\/User-300x300.png 300w, https:\/\/hoefer-aufbereitungstechnik.de\/wp-content\/uploads\/2022\/09\/User-150x150.png 150w, https:\/\/hoefer-aufbereitungstechnik.de\/wp-content\/uploads\/2022\/09\/User-768x768.png 768w, https:\/\/hoefer-aufbereitungstechnik.de\/wp-content\/uploads\/2022\/09\/User-1536x1536.png 1536w, https:\/\/hoefer-aufbereitungstechnik.de\/wp-content\/uploads\/2022\/09\/User.png 1843w\" sizes=\"auto, (max-width: 1024px) 100vw, 1024px\" \/><\/figure>\n<\/div>\n\n\n\n<div class=\"wp-block-column is-vertically-aligned-center is-layout-flow wp-block-column-is-layout-flow\">\n<h2 class=\"has-text-align-center wp-block-heading\">Maxi H\u00f6fer<\/h2>\n<\/div>\n<\/div>\n\n\n\n<div class=\"wp-block-columns is-layout-flex wp-container-core-columns-is-layout-9d6595d7 wp-block-columns-is-layout-flex\">\n<div class=\"wp-block-column is-layout-flow wp-block-column-is-layout-flow\">\n<figure class=\"wp-block-image alignwide size-large is-style-default\"><img loading=\"lazy\" decoding=\"async\" width=\"1024\" height=\"1024\" src=\"https:\/\/hoefer-aufbereitungstechnik.de\/wp-content\/uploads\/2022\/09\/User-1024x1024.png\" alt=\"\" class=\"wp-image-673\" srcset=\"https:\/\/hoefer-aufbereitungstechnik.de\/wp-content\/uploads\/2022\/09\/User-1024x1024.png 1024w, https:\/\/hoefer-aufbereitungstechnik.de\/wp-content\/uploads\/2022\/09\/User-300x300.png 300w, https:\/\/hoefer-aufbereitungstechnik.de\/wp-content\/uploads\/2022\/09\/User-150x150.png 150w, https:\/\/hoefer-aufbereitungstechnik.de\/wp-content\/uploads\/2022\/09\/User-768x768.png 768w, https:\/\/hoefer-aufbereitungstechnik.de\/wp-content\/uploads\/2022\/09\/User-1536x1536.png 1536w, https:\/\/hoefer-aufbereitungstechnik.de\/wp-content\/uploads\/2022\/09\/User.png 1843w\" sizes=\"auto, (max-width: 1024px) 100vw, 1024px\" \/><\/figure>\n<\/div>\n\n\n\n<div class=\"wp-block-column is-vertically-aligned-center is-layout-flow wp-block-column-is-layout-flow\">\n<h2 class=\"alignwide has-text-align-center wp-block-heading\">Gabi H\u00f6fer<\/h2>\n<\/div>\n<\/div>\n","protected":false},"excerpt":{"rendered":"<p>Werner H\u00f6fer Maxi H\u00f6fer Gabi H\u00f6fer<\/p>\n","protected":false},"author":1,"featured_media":0,"parent":0,"menu_order":0,"comment_status":"closed","ping_status":"closed","template":"","meta":{"footnotes":""},"class_list":["post-18","page","type-page","status-publish"],"yoast_head":"<!-- This site is optimized with the Yoast SEO plugin v27.4 - https:\/\/yoast.com\/product\/yoast-seo-wordpress\/ -->\n<title>Team - Werner H\u00f6fer Aufbereitungstechnik<\/title>\n<meta name=\"robots\" content=\"index, follow, max-snippet:-1, max-image-preview:large, max-video-preview:-1\" \/>\n<link rel=\"canonical\" href=\"https:\/\/hoefer-aufbereitungstechnik.de\/?page_id=18\" \/>\n<meta property=\"og:locale\" content=\"de_DE\" \/>\n<meta property=\"og:type\" content=\"article\" \/>\n<meta property=\"og:title\" content=\"Team - Werner H\u00f6fer Aufbereitungstechnik\" \/>\n<meta property=\"og:description\" content=\"Werner H\u00f6fer Maxi H\u00f6fer Gabi H\u00f6fer\" \/>\n<meta property=\"og:url\" content=\"https:\/\/hoefer-aufbereitungstechnik.de\/?page_id=18\" \/>\n<meta property=\"og:site_name\" content=\"Werner H\u00f6fer Aufbereitungstechnik\" \/>\n<meta property=\"article:modified_time\" content=\"2022-09-26T14:29:30+00:00\" \/>\n<meta property=\"og:image\" content=\"https:\/\/hoefer-aufbereitungstechnik.de\/wp-content\/uploads\/2022\/09\/User-1024x1024.png\" \/>\n<meta name=\"twitter:card\" content=\"summary_large_image\" \/>\n<meta name=\"twitter:label1\" content=\"Gesch\u00e4tzte Lesezeit\" \/>\n\t<meta name=\"twitter:data1\" content=\"1\u00a0Minute\" \/>\n<script type=\"application\/ld+json\" class=\"yoast-schema-graph\">{\"@context\":\"https:\\\/\\\/schema.org\",\"@graph\":[{\"@type\":\"WebPage\",\"@id\":\"https:\\\/\\\/hoefer-aufbereitungstechnik.de\\\/?page_id=18\",\"url\":\"https:\\\/\\\/hoefer-aufbereitungstechnik.de\\\/?page_id=18\",\"name\":\"Team - Werner H\u00f6fer Aufbereitungstechnik\",\"isPartOf\":{\"@id\":\"https:\\\/\\\/hoefer-aufbereitungstechnik.de\\\/#website\"},\"primaryImageOfPage\":{\"@id\":\"https:\\\/\\\/hoefer-aufbereitungstechnik.de\\\/?page_id=18#primaryimage\"},\"image\":{\"@id\":\"https:\\\/\\\/hoefer-aufbereitungstechnik.de\\\/?page_id=18#primaryimage\"},\"thumbnailUrl\":\"https:\\\/\\\/hoefer-aufbereitungstechnik.de\\\/wp-content\\\/uploads\\\/2022\\\/09\\\/User-1024x1024.png\",\"datePublished\":\"2021-09-17T09:25:45+00:00\",\"dateModified\":\"2022-09-26T14:29:30+00:00\",\"breadcrumb\":{\"@id\":\"https:\\\/\\\/hoefer-aufbereitungstechnik.de\\\/?page_id=18#breadcrumb\"},\"inLanguage\":\"de\",\"potentialAction\":[{\"@type\":\"ReadAction\",\"target\":[\"https:\\\/\\\/hoefer-aufbereitungstechnik.de\\\/?page_id=18\"]}]},{\"@type\":\"ImageObject\",\"inLanguage\":\"de\",\"@id\":\"https:\\\/\\\/hoefer-aufbereitungstechnik.de\\\/?page_id=18#primaryimage\",\"url\":\"https:\\\/\\\/hoefer-aufbereitungstechnik.de\\\/wp-content\\\/uploads\\\/2022\\\/09\\\/User.png\",\"contentUrl\":\"https:\\\/\\\/hoefer-aufbereitungstechnik.de\\\/wp-content\\\/uploads\\\/2022\\\/09\\\/User.png\",\"width\":1843,\"height\":1843},{\"@type\":\"BreadcrumbList\",\"@id\":\"https:\\\/\\\/hoefer-aufbereitungstechnik.de\\\/?page_id=18#breadcrumb\",\"itemListElement\":[{\"@type\":\"ListItem\",\"position\":1,\"name\":\"Startseite\",\"item\":\"https:\\\/\\\/hoefer-aufbereitungstechnik.de\\\/\"},{\"@type\":\"ListItem\",\"position\":2,\"name\":\"Team\"}]},{\"@type\":\"WebSite\",\"@id\":\"https:\\\/\\\/hoefer-aufbereitungstechnik.de\\\/#website\",\"url\":\"https:\\\/\\\/hoefer-aufbereitungstechnik.de\\\/\",\"name\":\"Werner H\u00f6fer Aufbereitungstechnik\",\"description\":\"Aufbereitungstechnik Werner H\u00f6fer\",\"publisher\":{\"@id\":\"https:\\\/\\\/hoefer-aufbereitungstechnik.de\\\/#organization\"},\"potentialAction\":[{\"@type\":\"SearchAction\",\"target\":{\"@type\":\"EntryPoint\",\"urlTemplate\":\"https:\\\/\\\/hoefer-aufbereitungstechnik.de\\\/?s={search_term_string}\"},\"query-input\":{\"@type\":\"PropertyValueSpecification\",\"valueRequired\":true,\"valueName\":\"search_term_string\"}}],\"inLanguage\":\"de\"},{\"@type\":\"Organization\",\"@id\":\"https:\\\/\\\/hoefer-aufbereitungstechnik.de\\\/#organization\",\"name\":\"Werner H\u00f6fer Aufbereitungstechnik\",\"url\":\"https:\\\/\\\/hoefer-aufbereitungstechnik.de\\\/\",\"logo\":{\"@type\":\"ImageObject\",\"inLanguage\":\"de\",\"@id\":\"https:\\\/\\\/hoefer-aufbereitungstechnik.de\\\/#\\\/schema\\\/logo\\\/image\\\/\",\"url\":\"https:\\\/\\\/hoefer-aufbereitungstechnik.de\\\/wp-content\\\/uploads\\\/2021\\\/09\\\/cropped-cropped-cropped-AufbereitungstechnikWernerHoefer-Icon-1-1.png\",\"contentUrl\":\"https:\\\/\\\/hoefer-aufbereitungstechnik.de\\\/wp-content\\\/uploads\\\/2021\\\/09\\\/cropped-cropped-cropped-AufbereitungstechnikWernerHoefer-Icon-1-1.png\",\"width\":250,\"height\":188,\"caption\":\"Werner H\u00f6fer Aufbereitungstechnik\"},\"image\":{\"@id\":\"https:\\\/\\\/hoefer-aufbereitungstechnik.de\\\/#\\\/schema\\\/logo\\\/image\\\/\"}}]}<\/script>\n<!-- \/ Yoast SEO plugin. -->","yoast_head_json":{"title":"Team - Werner H\u00f6fer Aufbereitungstechnik","robots":{"index":"index","follow":"follow","max-snippet":"max-snippet:-1","max-image-preview":"max-image-preview:large","max-video-preview":"max-video-preview:-1"},"canonical":"https:\/\/hoefer-aufbereitungstechnik.de\/?page_id=18","og_locale":"de_DE","og_type":"article","og_title":"Team - Werner H\u00f6fer Aufbereitungstechnik","og_description":"Werner H\u00f6fer Maxi H\u00f6fer Gabi H\u00f6fer","og_url":"https:\/\/hoefer-aufbereitungstechnik.de\/?page_id=18","og_site_name":"Werner H\u00f6fer Aufbereitungstechnik","article_modified_time":"2022-09-26T14:29:30+00:00","og_image":[{"url":"https:\/\/hoefer-aufbereitungstechnik.de\/wp-content\/uploads\/2022\/09\/User-1024x1024.png","type":"","width":"","height":""}],"twitter_card":"summary_large_image","twitter_misc":{"Gesch\u00e4tzte Lesezeit":"1\u00a0Minute"},"schema":{"@context":"https:\/\/schema.org","@graph":[{"@type":"WebPage","@id":"https:\/\/hoefer-aufbereitungstechnik.de\/?page_id=18","url":"https:\/\/hoefer-aufbereitungstechnik.de\/?page_id=18","name":"Team - Werner H\u00f6fer Aufbereitungstechnik","isPartOf":{"@id":"https:\/\/hoefer-aufbereitungstechnik.de\/#website"},"primaryImageOfPage":{"@id":"https:\/\/hoefer-aufbereitungstechnik.de\/?page_id=18#primaryimage"},"image":{"@id":"https:\/\/hoefer-aufbereitungstechnik.de\/?page_id=18#primaryimage"},"thumbnailUrl":"https:\/\/hoefer-aufbereitungstechnik.de\/wp-content\/uploads\/2022\/09\/User-1024x1024.png","datePublished":"2021-09-17T09:25:45+00:00","dateModified":"2022-09-26T14:29:30+00:00","breadcrumb":{"@id":"https:\/\/hoefer-aufbereitungstechnik.de\/?page_id=18#breadcrumb"},"inLanguage":"de","potentialAction":[{"@type":"ReadAction","target":["https:\/\/hoefer-aufbereitungstechnik.de\/?page_id=18"]}]},{"@type":"ImageObject","inLanguage":"de","@id":"https:\/\/hoefer-aufbereitungstechnik.de\/?page_id=18#primaryimage","url":"https:\/\/hoefer-aufbereitungstechnik.de\/wp-content\/uploads\/2022\/09\/User.png","contentUrl":"https:\/\/hoefer-aufbereitungstechnik.de\/wp-content\/uploads\/2022\/09\/User.png","width":1843,"height":1843},{"@type":"BreadcrumbList","@id":"https:\/\/hoefer-aufbereitungstechnik.de\/?page_id=18#breadcrumb","itemListElement":[{"@type":"ListItem","position":1,"name":"Startseite","item":"https:\/\/hoefer-aufbereitungstechnik.de\/"},{"@type":"ListItem","position":2,"name":"Team"}]},{"@type":"WebSite","@id":"https:\/\/hoefer-aufbereitungstechnik.de\/#website","url":"https:\/\/hoefer-aufbereitungstechnik.de\/","name":"Werner H\u00f6fer Aufbereitungstechnik","description":"Aufbereitungstechnik Werner H\u00f6fer","publisher":{"@id":"https:\/\/hoefer-aufbereitungstechnik.de\/#organization"},"potentialAction":[{"@type":"SearchAction","target":{"@type":"EntryPoint","urlTemplate":"https:\/\/hoefer-aufbereitungstechnik.de\/?s={search_term_string}"},"query-input":{"@type":"PropertyValueSpecification","valueRequired":true,"valueName":"search_term_string"}}],"inLanguage":"de"},{"@type":"Organization","@id":"https:\/\/hoefer-aufbereitungstechnik.de\/#organization","name":"Werner H\u00f6fer Aufbereitungstechnik","url":"https:\/\/hoefer-aufbereitungstechnik.de\/","logo":{"@type":"ImageObject","inLanguage":"de","@id":"https:\/\/hoefer-aufbereitungstechnik.de\/#\/schema\/logo\/image\/","url":"https:\/\/hoefer-aufbereitungstechnik.de\/wp-content\/uploads\/2021\/09\/cropped-cropped-cropped-AufbereitungstechnikWernerHoefer-Icon-1-1.png","contentUrl":"https:\/\/hoefer-aufbereitungstechnik.de\/wp-content\/uploads\/2021\/09\/cropped-cropped-cropped-AufbereitungstechnikWernerHoefer-Icon-1-1.png","width":250,"height":188,"caption":"Werner H\u00f6fer Aufbereitungstechnik"},"image":{"@id":"https:\/\/hoefer-aufbereitungstechnik.de\/#\/schema\/logo\/image\/"}}]}},"_links":{"self":[{"href":"https:\/\/hoefer-aufbereitungstechnik.de\/index.php?rest_route=\/wp\/v2\/pages\/18","targetHints":{"allow":["GET"]}}],"collection":[{"href":"https:\/\/hoefer-aufbereitungstechnik.de\/index.php?rest_route=\/wp\/v2\/pages"}],"about":[{"href":"https:\/\/hoefer-aufbereitungstechnik.de\/index.php?rest_route=\/wp\/v2\/types\/page"}],"author":[{"embeddable":true,"href":"https:\/\/hoefer-aufbereitungstechnik.de\/index.php?rest_route=\/wp\/v2\/users\/1"}],"replies":[{"embeddable":true,"href":"https:\/\/hoefer-aufbereitungstechnik.de\/index.php?rest_route=%2Fwp%2Fv2%2Fcomments&post=18"}],"version-history":[{"count":14,"href":"https:\/\/hoefer-aufbereitungstechnik.de\/index.php?rest_route=\/wp\/v2\/pages\/18\/revisions"}],"predecessor-version":[{"id":677,"href":"https:\/\/hoefer-aufbereitungstechnik.de\/index.php?rest_route=\/wp\/v2\/pages\/18\/revisions\/677"}],"wp:attachment":[{"href":"https:\/\/hoefer-aufbereitungstechnik.de\/index.php?rest_route=%2Fwp%2Fv2%2Fmedia&parent=18"}],"curies":[{"name":"wp","href":"https:\/\/api.w.org\/{rel}","templated":true}]}}