{"id":30,"date":"2021-09-21T08:40:48","date_gmt":"2021-09-21T08:40:48","guid":{"rendered":"https:\/\/hoefer-aufbereitungstechnik.de\/?page_id=30"},"modified":"2022-03-06T19:16:16","modified_gmt":"2022-03-06T19:16:16","slug":"colibri-wp","status":"publish","type":"page","link":"https:\/\/hoefer-aufbereitungstechnik.de\/","title":{"rendered":"Aufbereitungsanlagen f\u00fcr die Steine-, Erden- und Asphaltindustrie"},"content":{"rendered":"\n<div class=\"wp-block-columns is-layout-flex wp-container-core-columns-is-layout-9d6595d7 wp-block-columns-is-layout-flex\">\n<div class=\"wp-block-column has-base-background-color has-background is-layout-flow wp-block-column-is-layout-flow\">\n<div style=\"height:10px\" aria-hidden=\"true\" class=\"wp-block-spacer\"><\/div>\n\n\n\n<h2 class=\"has-text-align-center has-contrast-2-color has-text-color wp-block-heading\">Mit \u00fcber 30 Jahren Erfahrung &#8230;<\/h2>\n\n\n\n<div class=\"wp-block-columns is-layout-flex wp-container-core-columns-is-layout-9d6595d7 wp-block-columns-is-layout-flex\">\n<div class=\"wp-block-column is-layout-flow wp-block-column-is-layout-flow\" style=\"flex-basis:3%\"><\/div>\n\n\n\n<div class=\"wp-block-column has-base-3-background-color has-background is-layout-flow wp-block-column-is-layout-flow\" style=\"flex-basis:30%\">\n<p class=\"has-text-align-center has-base-3-background-color has-background\">&#8230; sind wir Ihr Partner rund um Aufbereitungsanlagen. Egal ob es um die Wartung oder Instandhaltung Ihrer Bestandsanlage geht, Sie Ihre Anlage modernisieren oder optimieren wollen oder eine neue Anlage mit uns planen wollen.<\/p>\n\n\n\n<div class=\"wp-block-buttons alignwide is-content-justification-center is-layout-flex wp-container-core-buttons-is-layout-16018d1d wp-block-buttons-is-layout-flex\">\n<div class=\"wp-block-button\"><a class=\"wp-block-button__link has-contrast-2-background-color has-background\" href=\"https:\/\/hoefer-aufbereitungstechnik.de\/?page_id=16\">Kontakt aufnehmen<\/a><\/div>\n<\/div>\n<\/div>\n\n\n\n<div class=\"wp-block-column is-layout-flow wp-block-column-is-layout-flow\" style=\"flex-basis:67%\">\n<figure class=\"wp-block-image size-large is-style-default\"><img loading=\"lazy\" decoding=\"async\" width=\"1024\" height=\"565\" src=\"https:\/\/hoefer-aufbereitungstechnik.de\/wp-content\/uploads\/2022\/03\/Planung-1024x565.png\" alt=\"\" class=\"wp-image-552\" srcset=\"https:\/\/hoefer-aufbereitungstechnik.de\/wp-content\/uploads\/2022\/03\/Planung-1024x565.png 1024w, https:\/\/hoefer-aufbereitungstechnik.de\/wp-content\/uploads\/2022\/03\/Planung-300x166.png 300w, https:\/\/hoefer-aufbereitungstechnik.de\/wp-content\/uploads\/2022\/03\/Planung-768x424.png 768w, https:\/\/hoefer-aufbereitungstechnik.de\/wp-content\/uploads\/2022\/03\/Planung-1536x848.png 1536w, https:\/\/hoefer-aufbereitungstechnik.de\/wp-content\/uploads\/2022\/03\/Planung-2048x1130.png 2048w\" sizes=\"auto, (max-width: 1024px) 100vw, 1024px\" \/><\/figure>\n<\/div>\n<\/div>\n<\/div>\n<\/div>\n\n\n\n<div style=\"height:75px\" aria-hidden=\"true\" class=\"wp-block-spacer\"><\/div>\n\n\n\n<h2 class=\"has-text-align-center wp-block-heading\">Unsere Leistungen<\/h2>\n\n\n\n<div class=\"wp-block-columns is-layout-flex wp-container-core-columns-is-layout-9d6595d7 wp-block-columns-is-layout-flex\">\n<div class=\"wp-block-column is-layout-flow wp-block-column-is-layout-flow\">\n<div class=\"wp-block-columns is-layout-flex wp-container-core-columns-is-layout-9d6595d7 wp-block-columns-is-layout-flex\">\n<div class=\"wp-block-column has-base-background-color has-background is-layout-flow wp-block-column-is-layout-flow\">\n<div style=\"height:10px\" aria-hidden=\"true\" class=\"wp-block-spacer\"><\/div>\n\n\n\n<h3 class=\"has-text-align-center has-contrast-2-color has-text-color has-large-font-size wp-block-heading\">Beratung<\/h3>\n\n\n\n<div style=\"height:43px\" aria-hidden=\"true\" class=\"wp-block-spacer\"><\/div>\n\n\n\n<div class=\"wp-block-image is-style-default zoom\"><figure class=\"aligncenter size-full is-resized\"><a href=\"https:\/\/hoefer-aufbereitungstechnik.de\/?page_id=10#Beratung\"><img loading=\"lazy\" decoding=\"async\" src=\"https:\/\/hoefer-aufbereitungstechnik.de\/wp-content\/uploads\/2022\/03\/Beratung.png\" alt=\"\" class=\"wp-image-481\" width=\"200\" height=\"200\" srcset=\"https:\/\/hoefer-aufbereitungstechnik.de\/wp-content\/uploads\/2022\/03\/Beratung.png 680w, https:\/\/hoefer-aufbereitungstechnik.de\/wp-content\/uploads\/2022\/03\/Beratung-300x300.png 300w, https:\/\/hoefer-aufbereitungstechnik.de\/wp-content\/uploads\/2022\/03\/Beratung-150x150.png 150w\" sizes=\"auto, (max-width: 200px) 100vw, 200px\" \/><\/a><\/figure><\/div>\n\n\n\n<div class=\"wp-block-buttons is-content-justification-center is-layout-flex wp-container-core-buttons-is-layout-16018d1d wp-block-buttons-is-layout-flex\">\n<div class=\"wp-block-button\"><a class=\"wp-block-button__link has-contrast-2-background-color has-background\" href=\"https:\/\/hoefer-aufbereitungstechnik.de\/?page_id=10#Beratung\">mehr lesen<\/a><\/div>\n<\/div>\n\n\n\n<div style=\"height:10px\" aria-hidden=\"true\" class=\"wp-block-spacer\"><\/div>\n<\/div>\n\n\n\n<div class=\"wp-block-column is-layout-flow wp-block-column-is-layout-flow\" style=\"flex-basis:1px\"><\/div>\n\n\n\n<div class=\"wp-block-column has-base-background-color has-background is-layout-flow wp-block-column-is-layout-flow\">\n<div style=\"height:10px\" aria-hidden=\"true\" class=\"wp-block-spacer\"><\/div>\n\n\n\n<h3 class=\"has-text-align-center has-contrast-2-color has-text-color has-large-font-size wp-block-heading\">Wartung und Service<\/h3>\n\n\n\n<div class=\"wp-block-image is-style-default zoom\"><figure class=\"aligncenter size-full is-resized\"><a href=\"https:\/\/hoefer-aufbereitungstechnik.de\/?page_id=10#Wartung\"><img loading=\"lazy\" decoding=\"async\" src=\"https:\/\/hoefer-aufbereitungstechnik.de\/wp-content\/uploads\/2022\/03\/WartungUndService.png\" alt=\"\" class=\"wp-image-488\" width=\"200\" height=\"200\" srcset=\"https:\/\/hoefer-aufbereitungstechnik.de\/wp-content\/uploads\/2022\/03\/WartungUndService.png 240w, https:\/\/hoefer-aufbereitungstechnik.de\/wp-content\/uploads\/2022\/03\/WartungUndService-150x150.png 150w\" sizes=\"auto, (max-width: 200px) 100vw, 200px\" \/><\/a><\/figure><\/div>\n\n\n\n<div class=\"wp-block-buttons is-content-justification-center is-layout-flex wp-container-core-buttons-is-layout-16018d1d wp-block-buttons-is-layout-flex\">\n<div class=\"wp-block-button\"><a class=\"wp-block-button__link has-contrast-2-background-color has-background\" href=\"https:\/\/hoefer-aufbereitungstechnik.de\/?page_id=10#Wartung\">mehr lesen<\/a><\/div>\n<\/div>\n\n\n\n<div style=\"height:10px\" aria-hidden=\"true\" class=\"wp-block-spacer\"><\/div>\n<\/div>\n\n\n\n<div class=\"wp-block-column is-layout-flow wp-block-column-is-layout-flow\" style=\"flex-basis:1px\"><\/div>\n\n\n\n<div class=\"wp-block-column has-base-background-color has-background is-layout-flow wp-block-column-is-layout-flow\">\n<div style=\"height:10px\" aria-hidden=\"true\" class=\"wp-block-spacer\"><\/div>\n\n\n\n<h3 class=\"has-text-align-center has-contrast-2-color has-text-color has-large-font-size wp-block-heading\">Instand-haltung<\/h3>\n\n\n\n<div class=\"wp-block-image is-style-default zoom\"><figure class=\"aligncenter size-full is-resized\"><a href=\"https:\/\/hoefer-aufbereitungstechnik.de\/?page_id=10#Instandhaltung\"><img loading=\"lazy\" decoding=\"async\" src=\"https:\/\/hoefer-aufbereitungstechnik.de\/wp-content\/uploads\/2022\/03\/Instandhaltung.png\" alt=\"\" class=\"wp-image-490\" width=\"200\" height=\"200\" srcset=\"https:\/\/hoefer-aufbereitungstechnik.de\/wp-content\/uploads\/2022\/03\/Instandhaltung.png 240w, https:\/\/hoefer-aufbereitungstechnik.de\/wp-content\/uploads\/2022\/03\/Instandhaltung-150x150.png 150w\" sizes=\"auto, (max-width: 200px) 100vw, 200px\" \/><\/a><\/figure><\/div>\n\n\n\n<div class=\"wp-block-buttons is-content-justification-center is-layout-flex wp-container-core-buttons-is-layout-16018d1d wp-block-buttons-is-layout-flex\">\n<div class=\"wp-block-button\"><a class=\"wp-block-button__link has-contrast-2-background-color has-background\" href=\"https:\/\/hoefer-aufbereitungstechnik.de\/?page_id=10#Instandhaltung\">mehr lesen<\/a><\/div>\n<\/div>\n\n\n\n<div style=\"height:10px\" aria-hidden=\"true\" class=\"wp-block-spacer\"><\/div>\n<\/div>\n\n\n\n<div class=\"wp-block-column is-layout-flow wp-block-column-is-layout-flow\" style=\"flex-basis:1px\"><\/div>\n\n\n\n<div class=\"wp-block-column has-base-background-color has-background is-layout-flow wp-block-column-is-layout-flow\">\n<div style=\"height:10px\" aria-hidden=\"true\" class=\"wp-block-spacer\"><\/div>\n\n\n\n<h3 class=\"has-text-align-center has-contrast-2-color has-text-color has-large-font-size wp-block-heading\">Montage<\/h3>\n\n\n\n<div style=\"height:43px\" aria-hidden=\"true\" class=\"wp-block-spacer\"><\/div>\n\n\n\n<div class=\"wp-block-image is-style-default zoom\"><figure class=\"aligncenter size-full is-resized\"><a href=\"https:\/\/hoefer-aufbereitungstechnik.de\/?page_id=10#Montage\"><img loading=\"lazy\" decoding=\"async\" src=\"https:\/\/hoefer-aufbereitungstechnik.de\/wp-content\/uploads\/2022\/03\/Montage_schwarz.png\" alt=\"\" class=\"wp-image-484\" width=\"200\" height=\"200\" srcset=\"https:\/\/hoefer-aufbereitungstechnik.de\/wp-content\/uploads\/2022\/03\/Montage_schwarz.png 240w, https:\/\/hoefer-aufbereitungstechnik.de\/wp-content\/uploads\/2022\/03\/Montage_schwarz-150x150.png 150w\" sizes=\"auto, (max-width: 200px) 100vw, 200px\" \/><\/a><\/figure><\/div>\n\n\n\n<div class=\"wp-block-buttons is-content-justification-center is-layout-flex wp-container-core-buttons-is-layout-16018d1d wp-block-buttons-is-layout-flex\">\n<div class=\"wp-block-button\"><a class=\"wp-block-button__link has-contrast-2-background-color has-background\" href=\"https:\/\/hoefer-aufbereitungstechnik.de\/?page_id=10#Montage\">mehr lesen<\/a><\/div>\n<\/div>\n\n\n\n<div style=\"height:10px\" aria-hidden=\"true\" class=\"wp-block-spacer\"><\/div>\n<\/div>\n<\/div>\n<\/div>\n<\/div>\n\n\n\n<p><\/p>\n","protected":false},"excerpt":{"rendered":"<p>Mit \u00fcber 30 Jahren Erfahrung &#8230; &#8230; sind wir Ihr Partner rund um Aufbereitungsanlagen. Egal ob es um die Wartung oder Instandhaltung Ihrer Bestandsanlage geht, Sie Ihre Anlage modernisieren oder optimieren wollen oder eine neue Anlage mit uns planen wollen. Unsere Leistungen Beratung Wartung und Service Instand-haltung Montage<\/p>\n","protected":false},"author":1,"featured_media":0,"parent":0,"menu_order":0,"comment_status":"closed","ping_status":"closed","template":"","meta":{"footnotes":""},"class_list":["post-30","page","type-page","status-publish"],"yoast_head":"<!-- This site is optimized with the Yoast SEO plugin v27.4 - https:\/\/yoast.com\/product\/yoast-seo-wordpress\/ -->\n<title>Aufbereitungsanlagen f\u00fcr die Steine-, Erden- und Asphaltindustrie - Werner H\u00f6fer Aufbereitungstechnik<\/title>\n<meta name=\"robots\" content=\"index, follow, max-snippet:-1, max-image-preview:large, max-video-preview:-1\" \/>\n<link rel=\"canonical\" href=\"https:\/\/hoefer-aufbereitungstechnik.de\/\" \/>\n<meta property=\"og:locale\" content=\"de_DE\" \/>\n<meta property=\"og:type\" content=\"article\" \/>\n<meta property=\"og:title\" content=\"Aufbereitungsanlagen f\u00fcr die Steine-, Erden- und Asphaltindustrie - Werner H\u00f6fer Aufbereitungstechnik\" \/>\n<meta property=\"og:description\" content=\"Mit \u00fcber 30 Jahren Erfahrung &#8230; &#8230; sind wir Ihr Partner rund um Aufbereitungsanlagen. Egal ob es um die Wartung oder Instandhaltung Ihrer Bestandsanlage geht, Sie Ihre Anlage modernisieren oder optimieren wollen oder eine neue Anlage mit uns planen wollen. Unsere Leistungen Beratung Wartung und Service Instand-haltung Montage\" \/>\n<meta property=\"og:url\" content=\"https:\/\/hoefer-aufbereitungstechnik.de\/\" \/>\n<meta property=\"og:site_name\" content=\"Werner H\u00f6fer Aufbereitungstechnik\" \/>\n<meta property=\"article:modified_time\" content=\"2022-03-06T19:16:16+00:00\" \/>\n<meta property=\"og:image\" content=\"https:\/\/hoefer-aufbereitungstechnik.de\/wp-content\/uploads\/2022\/03\/Planung-1024x565.png\" \/>\n<meta name=\"twitter:card\" content=\"summary_large_image\" \/>\n<meta name=\"twitter:label1\" content=\"Gesch\u00e4tzte Lesezeit\" \/>\n\t<meta name=\"twitter:data1\" content=\"2\u00a0Minuten\" \/>\n<script type=\"application\/ld+json\" class=\"yoast-schema-graph\">{\"@context\":\"https:\\\/\\\/schema.org\",\"@graph\":[{\"@type\":\"WebPage\",\"@id\":\"https:\\\/\\\/hoefer-aufbereitungstechnik.de\\\/\",\"url\":\"https:\\\/\\\/hoefer-aufbereitungstechnik.de\\\/\",\"name\":\"Aufbereitungsanlagen f\u00fcr die Steine-, Erden- und Asphaltindustrie - Werner H\u00f6fer Aufbereitungstechnik\",\"isPartOf\":{\"@id\":\"https:\\\/\\\/hoefer-aufbereitungstechnik.de\\\/#website\"},\"primaryImageOfPage\":{\"@id\":\"https:\\\/\\\/hoefer-aufbereitungstechnik.de\\\/#primaryimage\"},\"image\":{\"@id\":\"https:\\\/\\\/hoefer-aufbereitungstechnik.de\\\/#primaryimage\"},\"thumbnailUrl\":\"https:\\\/\\\/hoefer-aufbereitungstechnik.de\\\/wp-content\\\/uploads\\\/2022\\\/03\\\/Planung-1024x565.png\",\"datePublished\":\"2021-09-21T08:40:48+00:00\",\"dateModified\":\"2022-03-06T19:16:16+00:00\",\"breadcrumb\":{\"@id\":\"https:\\\/\\\/hoefer-aufbereitungstechnik.de\\\/#breadcrumb\"},\"inLanguage\":\"de\",\"potentialAction\":[{\"@type\":\"ReadAction\",\"target\":[\"https:\\\/\\\/hoefer-aufbereitungstechnik.de\\\/\"]}]},{\"@type\":\"ImageObject\",\"inLanguage\":\"de\",\"@id\":\"https:\\\/\\\/hoefer-aufbereitungstechnik.de\\\/#primaryimage\",\"url\":\"https:\\\/\\\/hoefer-aufbereitungstechnik.de\\\/wp-content\\\/uploads\\\/2022\\\/03\\\/Planung.png\",\"contentUrl\":\"https:\\\/\\\/hoefer-aufbereitungstechnik.de\\\/wp-content\\\/uploads\\\/2022\\\/03\\\/Planung.png\",\"width\":2089,\"height\":1153},{\"@type\":\"BreadcrumbList\",\"@id\":\"https:\\\/\\\/hoefer-aufbereitungstechnik.de\\\/#breadcrumb\",\"itemListElement\":[{\"@type\":\"ListItem\",\"position\":1,\"name\":\"Startseite\",\"item\":\"https:\\\/\\\/hoefer-aufbereitungstechnik.de\\\/\"},{\"@type\":\"ListItem\",\"position\":2,\"name\":\"Aufbereitungsanlagen f\u00fcr die Steine-, Erden- und Asphaltindustrie\"}]},{\"@type\":\"WebSite\",\"@id\":\"https:\\\/\\\/hoefer-aufbereitungstechnik.de\\\/#website\",\"url\":\"https:\\\/\\\/hoefer-aufbereitungstechnik.de\\\/\",\"name\":\"Werner H\u00f6fer Aufbereitungstechnik\",\"description\":\"Aufbereitungstechnik Werner H\u00f6fer\",\"publisher\":{\"@id\":\"https:\\\/\\\/hoefer-aufbereitungstechnik.de\\\/#organization\"},\"potentialAction\":[{\"@type\":\"SearchAction\",\"target\":{\"@type\":\"EntryPoint\",\"urlTemplate\":\"https:\\\/\\\/hoefer-aufbereitungstechnik.de\\\/?s={search_term_string}\"},\"query-input\":{\"@type\":\"PropertyValueSpecification\",\"valueRequired\":true,\"valueName\":\"search_term_string\"}}],\"inLanguage\":\"de\"},{\"@type\":\"Organization\",\"@id\":\"https:\\\/\\\/hoefer-aufbereitungstechnik.de\\\/#organization\",\"name\":\"Werner H\u00f6fer Aufbereitungstechnik\",\"url\":\"https:\\\/\\\/hoefer-aufbereitungstechnik.de\\\/\",\"logo\":{\"@type\":\"ImageObject\",\"inLanguage\":\"de\",\"@id\":\"https:\\\/\\\/hoefer-aufbereitungstechnik.de\\\/#\\\/schema\\\/logo\\\/image\\\/\",\"url\":\"https:\\\/\\\/hoefer-aufbereitungstechnik.de\\\/wp-content\\\/uploads\\\/2021\\\/09\\\/cropped-cropped-cropped-AufbereitungstechnikWernerHoefer-Icon-1-1.png\",\"contentUrl\":\"https:\\\/\\\/hoefer-aufbereitungstechnik.de\\\/wp-content\\\/uploads\\\/2021\\\/09\\\/cropped-cropped-cropped-AufbereitungstechnikWernerHoefer-Icon-1-1.png\",\"width\":250,\"height\":188,\"caption\":\"Werner H\u00f6fer Aufbereitungstechnik\"},\"image\":{\"@id\":\"https:\\\/\\\/hoefer-aufbereitungstechnik.de\\\/#\\\/schema\\\/logo\\\/image\\\/\"}}]}<\/script>\n<!-- \/ Yoast SEO plugin. -->","yoast_head_json":{"title":"Aufbereitungsanlagen f\u00fcr die Steine-, Erden- und Asphaltindustrie - Werner H\u00f6fer Aufbereitungstechnik","robots":{"index":"index","follow":"follow","max-snippet":"max-snippet:-1","max-image-preview":"max-image-preview:large","max-video-preview":"max-video-preview:-1"},"canonical":"https:\/\/hoefer-aufbereitungstechnik.de\/","og_locale":"de_DE","og_type":"article","og_title":"Aufbereitungsanlagen f\u00fcr die Steine-, Erden- und Asphaltindustrie - Werner H\u00f6fer Aufbereitungstechnik","og_description":"Mit \u00fcber 30 Jahren Erfahrung &#8230; &#8230; sind wir Ihr Partner rund um Aufbereitungsanlagen. Egal ob es um die Wartung oder Instandhaltung Ihrer Bestandsanlage geht, Sie Ihre Anlage modernisieren oder optimieren wollen oder eine neue Anlage mit uns planen wollen. Unsere Leistungen Beratung Wartung und Service Instand-haltung Montage","og_url":"https:\/\/hoefer-aufbereitungstechnik.de\/","og_site_name":"Werner H\u00f6fer Aufbereitungstechnik","article_modified_time":"2022-03-06T19:16:16+00:00","og_image":[{"url":"https:\/\/hoefer-aufbereitungstechnik.de\/wp-content\/uploads\/2022\/03\/Planung-1024x565.png","type":"","width":"","height":""}],"twitter_card":"summary_large_image","twitter_misc":{"Gesch\u00e4tzte Lesezeit":"2\u00a0Minuten"},"schema":{"@context":"https:\/\/schema.org","@graph":[{"@type":"WebPage","@id":"https:\/\/hoefer-aufbereitungstechnik.de\/","url":"https:\/\/hoefer-aufbereitungstechnik.de\/","name":"Aufbereitungsanlagen f\u00fcr die Steine-, Erden- und Asphaltindustrie - Werner H\u00f6fer Aufbereitungstechnik","isPartOf":{"@id":"https:\/\/hoefer-aufbereitungstechnik.de\/#website"},"primaryImageOfPage":{"@id":"https:\/\/hoefer-aufbereitungstechnik.de\/#primaryimage"},"image":{"@id":"https:\/\/hoefer-aufbereitungstechnik.de\/#primaryimage"},"thumbnailUrl":"https:\/\/hoefer-aufbereitungstechnik.de\/wp-content\/uploads\/2022\/03\/Planung-1024x565.png","datePublished":"2021-09-21T08:40:48+00:00","dateModified":"2022-03-06T19:16:16+00:00","breadcrumb":{"@id":"https:\/\/hoefer-aufbereitungstechnik.de\/#breadcrumb"},"inLanguage":"de","potentialAction":[{"@type":"ReadAction","target":["https:\/\/hoefer-aufbereitungstechnik.de\/"]}]},{"@type":"ImageObject","inLanguage":"de","@id":"https:\/\/hoefer-aufbereitungstechnik.de\/#primaryimage","url":"https:\/\/hoefer-aufbereitungstechnik.de\/wp-content\/uploads\/2022\/03\/Planung.png","contentUrl":"https:\/\/hoefer-aufbereitungstechnik.de\/wp-content\/uploads\/2022\/03\/Planung.png","width":2089,"height":1153},{"@type":"BreadcrumbList","@id":"https:\/\/hoefer-aufbereitungstechnik.de\/#breadcrumb","itemListElement":[{"@type":"ListItem","position":1,"name":"Startseite","item":"https:\/\/hoefer-aufbereitungstechnik.de\/"},{"@type":"ListItem","position":2,"name":"Aufbereitungsanlagen f\u00fcr die Steine-, Erden- und Asphaltindustrie"}]},{"@type":"WebSite","@id":"https:\/\/hoefer-aufbereitungstechnik.de\/#website","url":"https:\/\/hoefer-aufbereitungstechnik.de\/","name":"Werner H\u00f6fer Aufbereitungstechnik","description":"Aufbereitungstechnik Werner H\u00f6fer","publisher":{"@id":"https:\/\/hoefer-aufbereitungstechnik.de\/#organization"},"potentialAction":[{"@type":"SearchAction","target":{"@type":"EntryPoint","urlTemplate":"https:\/\/hoefer-aufbereitungstechnik.de\/?s={search_term_string}"},"query-input":{"@type":"PropertyValueSpecification","valueRequired":true,"valueName":"search_term_string"}}],"inLanguage":"de"},{"@type":"Organization","@id":"https:\/\/hoefer-aufbereitungstechnik.de\/#organization","name":"Werner H\u00f6fer Aufbereitungstechnik","url":"https:\/\/hoefer-aufbereitungstechnik.de\/","logo":{"@type":"ImageObject","inLanguage":"de","@id":"https:\/\/hoefer-aufbereitungstechnik.de\/#\/schema\/logo\/image\/","url":"https:\/\/hoefer-aufbereitungstechnik.de\/wp-content\/uploads\/2021\/09\/cropped-cropped-cropped-AufbereitungstechnikWernerHoefer-Icon-1-1.png","contentUrl":"https:\/\/hoefer-aufbereitungstechnik.de\/wp-content\/uploads\/2021\/09\/cropped-cropped-cropped-AufbereitungstechnikWernerHoefer-Icon-1-1.png","width":250,"height":188,"caption":"Werner H\u00f6fer Aufbereitungstechnik"},"image":{"@id":"https:\/\/hoefer-aufbereitungstechnik.de\/#\/schema\/logo\/image\/"}}]}},"_links":{"self":[{"href":"https:\/\/hoefer-aufbereitungstechnik.de\/index.php?rest_route=\/wp\/v2\/pages\/30","targetHints":{"allow":["GET"]}}],"collection":[{"href":"https:\/\/hoefer-aufbereitungstechnik.de\/index.php?rest_route=\/wp\/v2\/pages"}],"about":[{"href":"https:\/\/hoefer-aufbereitungstechnik.de\/index.php?rest_route=\/wp\/v2\/types\/page"}],"author":[{"embeddable":true,"href":"https:\/\/hoefer-aufbereitungstechnik.de\/index.php?rest_route=\/wp\/v2\/users\/1"}],"replies":[{"embeddable":true,"href":"https:\/\/hoefer-aufbereitungstechnik.de\/index.php?rest_route=%2Fwp%2Fv2%2Fcomments&post=30"}],"version-history":[{"count":63,"href":"https:\/\/hoefer-aufbereitungstechnik.de\/index.php?rest_route=\/wp\/v2\/pages\/30\/revisions"}],"predecessor-version":[{"id":606,"href":"https:\/\/hoefer-aufbereitungstechnik.de\/index.php?rest_route=\/wp\/v2\/pages\/30\/revisions\/606"}],"wp:attachment":[{"href":"https:\/\/hoefer-aufbereitungstechnik.de\/index.php?rest_route=%2Fwp%2Fv2%2Fmedia&parent=30"}],"curies":[{"name":"wp","href":"https:\/\/api.w.org\/{rel}","templated":true}]}}