{"id":626,"date":"2022-03-06T19:43:09","date_gmt":"2022-03-06T19:43:09","guid":{"rendered":"https:\/\/hoefer-aufbereitungstechnik.de\/?page_id=626"},"modified":"2024-11-26T18:44:54","modified_gmt":"2024-11-26T18:44:54","slug":"impressum","status":"publish","type":"page","link":"https:\/\/hoefer-aufbereitungstechnik.de\/?page_id=626","title":{"rendered":"Impressum"},"content":{"rendered":"\n<p><\/p>\n\n\n\n<p class=\"has-large-font-size\">Aufbereitungstechnik Werner H\u00f6fer<\/p>\n\n\n\n<p>Werner H\u00f6fer<br>Am Kreidenbach 39<br>D-83064 Raubling<\/p>\n\n\n\n<p>Ust.-Identifikationsnummer DE341799939<br><br><a href=\"mailto:info@hoefer-aufbereitungstechnik.de\">info@hoefer-aufbereitungstechnik.de<br><\/a><a href=\"http:\/\/www.hoefer-aufbereitungstechnik.de\">www.hoefer-aufbereitungstechnik.de<\/a><br><br>B\u00fcro: <a href=\"tel:0049 (0)8035 873740\">0049 (0)8035 873740<\/a><br>Mobil: <a href=\"tel:0049 (0)151 44628643\">0049 (0)151 44628643<\/a><br>Fax: 0049 (0)8035 873741<\/p>\n\n\n\n<p><\/p>\n","protected":false},"excerpt":{"rendered":"<p>Aufbereitungstechnik Werner H\u00f6fer Werner H\u00f6ferAm Kreidenbach 39D-83064 Raubling Ust.-Identifikationsnummer DE341799939 info@hoefer-aufbereitungstechnik.dewww.hoefer-aufbereitungstechnik.de B\u00fcro: 0049 (0)8035 873740Mobil: 0049 (0)151 44628643Fax: 0049 (0)8035 873741<\/p>\n","protected":false},"author":1,"featured_media":0,"parent":0,"menu_order":0,"comment_status":"closed","ping_status":"closed","template":"","meta":{"footnotes":""},"class_list":["post-626","page","type-page","status-publish"],"yoast_head":"<!-- This site is optimized with the Yoast SEO plugin v27.4 - https:\/\/yoast.com\/product\/yoast-seo-wordpress\/ -->\n<title>Impressum - Werner H\u00f6fer Aufbereitungstechnik<\/title>\n<meta name=\"robots\" content=\"index, follow, max-snippet:-1, max-image-preview:large, max-video-preview:-1\" \/>\n<link rel=\"canonical\" href=\"https:\/\/hoefer-aufbereitungstechnik.de\/?page_id=626\" \/>\n<meta property=\"og:locale\" content=\"de_DE\" \/>\n<meta property=\"og:type\" content=\"article\" \/>\n<meta property=\"og:title\" content=\"Impressum - Werner H\u00f6fer Aufbereitungstechnik\" \/>\n<meta property=\"og:description\" content=\"Aufbereitungstechnik Werner H\u00f6fer Werner H\u00f6ferAm Kreidenbach 39D-83064 Raubling Ust.-Identifikationsnummer DE341799939 info@hoefer-aufbereitungstechnik.dewww.hoefer-aufbereitungstechnik.de B\u00fcro: 0049 (0)8035 873740Mobil: 0049 (0)151 44628643Fax: 0049 (0)8035 873741\" \/>\n<meta property=\"og:url\" content=\"https:\/\/hoefer-aufbereitungstechnik.de\/?page_id=626\" \/>\n<meta property=\"og:site_name\" content=\"Werner H\u00f6fer Aufbereitungstechnik\" \/>\n<meta property=\"article:modified_time\" content=\"2024-11-26T18:44:54+00:00\" \/>\n<meta name=\"twitter:card\" content=\"summary_large_image\" \/>\n<meta name=\"twitter:label1\" content=\"Gesch\u00e4tzte Lesezeit\" \/>\n\t<meta name=\"twitter:data1\" content=\"1\u00a0Minute\" \/>\n<script type=\"application\/ld+json\" class=\"yoast-schema-graph\">{\"@context\":\"https:\\\/\\\/schema.org\",\"@graph\":[{\"@type\":\"WebPage\",\"@id\":\"https:\\\/\\\/hoefer-aufbereitungstechnik.de\\\/?page_id=626\",\"url\":\"https:\\\/\\\/hoefer-aufbereitungstechnik.de\\\/?page_id=626\",\"name\":\"Impressum - Werner H\u00f6fer Aufbereitungstechnik\",\"isPartOf\":{\"@id\":\"https:\\\/\\\/hoefer-aufbereitungstechnik.de\\\/#website\"},\"datePublished\":\"2022-03-06T19:43:09+00:00\",\"dateModified\":\"2024-11-26T18:44:54+00:00\",\"breadcrumb\":{\"@id\":\"https:\\\/\\\/hoefer-aufbereitungstechnik.de\\\/?page_id=626#breadcrumb\"},\"inLanguage\":\"de\",\"potentialAction\":[{\"@type\":\"ReadAction\",\"target\":[\"https:\\\/\\\/hoefer-aufbereitungstechnik.de\\\/?page_id=626\"]}]},{\"@type\":\"BreadcrumbList\",\"@id\":\"https:\\\/\\\/hoefer-aufbereitungstechnik.de\\\/?page_id=626#breadcrumb\",\"itemListElement\":[{\"@type\":\"ListItem\",\"position\":1,\"name\":\"Startseite\",\"item\":\"https:\\\/\\\/hoefer-aufbereitungstechnik.de\\\/\"},{\"@type\":\"ListItem\",\"position\":2,\"name\":\"Impressum\"}]},{\"@type\":\"WebSite\",\"@id\":\"https:\\\/\\\/hoefer-aufbereitungstechnik.de\\\/#website\",\"url\":\"https:\\\/\\\/hoefer-aufbereitungstechnik.de\\\/\",\"name\":\"Werner H\u00f6fer Aufbereitungstechnik\",\"description\":\"Aufbereitungstechnik Werner H\u00f6fer\",\"publisher\":{\"@id\":\"https:\\\/\\\/hoefer-aufbereitungstechnik.de\\\/#organization\"},\"potentialAction\":[{\"@type\":\"SearchAction\",\"target\":{\"@type\":\"EntryPoint\",\"urlTemplate\":\"https:\\\/\\\/hoefer-aufbereitungstechnik.de\\\/?s={search_term_string}\"},\"query-input\":{\"@type\":\"PropertyValueSpecification\",\"valueRequired\":true,\"valueName\":\"search_term_string\"}}],\"inLanguage\":\"de\"},{\"@type\":\"Organization\",\"@id\":\"https:\\\/\\\/hoefer-aufbereitungstechnik.de\\\/#organization\",\"name\":\"Werner H\u00f6fer Aufbereitungstechnik\",\"url\":\"https:\\\/\\\/hoefer-aufbereitungstechnik.de\\\/\",\"logo\":{\"@type\":\"ImageObject\",\"inLanguage\":\"de\",\"@id\":\"https:\\\/\\\/hoefer-aufbereitungstechnik.de\\\/#\\\/schema\\\/logo\\\/image\\\/\",\"url\":\"https:\\\/\\\/hoefer-aufbereitungstechnik.de\\\/wp-content\\\/uploads\\\/2021\\\/09\\\/cropped-cropped-cropped-AufbereitungstechnikWernerHoefer-Icon-1-1.png\",\"contentUrl\":\"https:\\\/\\\/hoefer-aufbereitungstechnik.de\\\/wp-content\\\/uploads\\\/2021\\\/09\\\/cropped-cropped-cropped-AufbereitungstechnikWernerHoefer-Icon-1-1.png\",\"width\":250,\"height\":188,\"caption\":\"Werner H\u00f6fer Aufbereitungstechnik\"},\"image\":{\"@id\":\"https:\\\/\\\/hoefer-aufbereitungstechnik.de\\\/#\\\/schema\\\/logo\\\/image\\\/\"}}]}<\/script>\n<!-- \/ Yoast SEO plugin. -->","yoast_head_json":{"title":"Impressum - Werner H\u00f6fer Aufbereitungstechnik","robots":{"index":"index","follow":"follow","max-snippet":"max-snippet:-1","max-image-preview":"max-image-preview:large","max-video-preview":"max-video-preview:-1"},"canonical":"https:\/\/hoefer-aufbereitungstechnik.de\/?page_id=626","og_locale":"de_DE","og_type":"article","og_title":"Impressum - Werner H\u00f6fer Aufbereitungstechnik","og_description":"Aufbereitungstechnik Werner H\u00f6fer Werner H\u00f6ferAm Kreidenbach 39D-83064 Raubling Ust.-Identifikationsnummer DE341799939 info@hoefer-aufbereitungstechnik.dewww.hoefer-aufbereitungstechnik.de B\u00fcro: 0049 (0)8035 873740Mobil: 0049 (0)151 44628643Fax: 0049 (0)8035 873741","og_url":"https:\/\/hoefer-aufbereitungstechnik.de\/?page_id=626","og_site_name":"Werner H\u00f6fer Aufbereitungstechnik","article_modified_time":"2024-11-26T18:44:54+00:00","twitter_card":"summary_large_image","twitter_misc":{"Gesch\u00e4tzte Lesezeit":"1\u00a0Minute"},"schema":{"@context":"https:\/\/schema.org","@graph":[{"@type":"WebPage","@id":"https:\/\/hoefer-aufbereitungstechnik.de\/?page_id=626","url":"https:\/\/hoefer-aufbereitungstechnik.de\/?page_id=626","name":"Impressum - Werner H\u00f6fer Aufbereitungstechnik","isPartOf":{"@id":"https:\/\/hoefer-aufbereitungstechnik.de\/#website"},"datePublished":"2022-03-06T19:43:09+00:00","dateModified":"2024-11-26T18:44:54+00:00","breadcrumb":{"@id":"https:\/\/hoefer-aufbereitungstechnik.de\/?page_id=626#breadcrumb"},"inLanguage":"de","potentialAction":[{"@type":"ReadAction","target":["https:\/\/hoefer-aufbereitungstechnik.de\/?page_id=626"]}]},{"@type":"BreadcrumbList","@id":"https:\/\/hoefer-aufbereitungstechnik.de\/?page_id=626#breadcrumb","itemListElement":[{"@type":"ListItem","position":1,"name":"Startseite","item":"https:\/\/hoefer-aufbereitungstechnik.de\/"},{"@type":"ListItem","position":2,"name":"Impressum"}]},{"@type":"WebSite","@id":"https:\/\/hoefer-aufbereitungstechnik.de\/#website","url":"https:\/\/hoefer-aufbereitungstechnik.de\/","name":"Werner H\u00f6fer Aufbereitungstechnik","description":"Aufbereitungstechnik Werner H\u00f6fer","publisher":{"@id":"https:\/\/hoefer-aufbereitungstechnik.de\/#organization"},"potentialAction":[{"@type":"SearchAction","target":{"@type":"EntryPoint","urlTemplate":"https:\/\/hoefer-aufbereitungstechnik.de\/?s={search_term_string}"},"query-input":{"@type":"PropertyValueSpecification","valueRequired":true,"valueName":"search_term_string"}}],"inLanguage":"de"},{"@type":"Organization","@id":"https:\/\/hoefer-aufbereitungstechnik.de\/#organization","name":"Werner H\u00f6fer Aufbereitungstechnik","url":"https:\/\/hoefer-aufbereitungstechnik.de\/","logo":{"@type":"ImageObject","inLanguage":"de","@id":"https:\/\/hoefer-aufbereitungstechnik.de\/#\/schema\/logo\/image\/","url":"https:\/\/hoefer-aufbereitungstechnik.de\/wp-content\/uploads\/2021\/09\/cropped-cropped-cropped-AufbereitungstechnikWernerHoefer-Icon-1-1.png","contentUrl":"https:\/\/hoefer-aufbereitungstechnik.de\/wp-content\/uploads\/2021\/09\/cropped-cropped-cropped-AufbereitungstechnikWernerHoefer-Icon-1-1.png","width":250,"height":188,"caption":"Werner H\u00f6fer Aufbereitungstechnik"},"image":{"@id":"https:\/\/hoefer-aufbereitungstechnik.de\/#\/schema\/logo\/image\/"}}]}},"_links":{"self":[{"href":"https:\/\/hoefer-aufbereitungstechnik.de\/index.php?rest_route=\/wp\/v2\/pages\/626","targetHints":{"allow":["GET"]}}],"collection":[{"href":"https:\/\/hoefer-aufbereitungstechnik.de\/index.php?rest_route=\/wp\/v2\/pages"}],"about":[{"href":"https:\/\/hoefer-aufbereitungstechnik.de\/index.php?rest_route=\/wp\/v2\/types\/page"}],"author":[{"embeddable":true,"href":"https:\/\/hoefer-aufbereitungstechnik.de\/index.php?rest_route=\/wp\/v2\/users\/1"}],"replies":[{"embeddable":true,"href":"https:\/\/hoefer-aufbereitungstechnik.de\/index.php?rest_route=%2Fwp%2Fv2%2Fcomments&post=626"}],"version-history":[{"count":14,"href":"https:\/\/hoefer-aufbereitungstechnik.de\/index.php?rest_route=\/wp\/v2\/pages\/626\/revisions"}],"predecessor-version":[{"id":699,"href":"https:\/\/hoefer-aufbereitungstechnik.de\/index.php?rest_route=\/wp\/v2\/pages\/626\/revisions\/699"}],"wp:attachment":[{"href":"https:\/\/hoefer-aufbereitungstechnik.de\/index.php?rest_route=%2Fwp%2Fv2%2Fmedia&parent=626"}],"curies":[{"name":"wp","href":"https:\/\/api.w.org\/{rel}","templated":true}]}}